{"id":2442,"date":"2023-09-29T08:53:26","date_gmt":"2023-09-29T06:53:26","guid":{"rendered":"https:\/\/schabziger.ch\/?page_id=2442"},"modified":"2025-10-24T16:47:04","modified_gmt":"2025-10-24T14:47:04","slug":"offre-duo","status":"publish","type":"page","link":"https:\/\/schabziger.ch\/fr\/offre-duo\/","title":{"rendered":"Offre Duo"},"content":{"rendered":"\n<section class=\"white\">\n\t<div class=\"content max\">\n\t\t\t\n\n\n\n\n<figure class=\"wp-block-image size-full\"><img loading=\"lazy\" decoding=\"async\" width=\"2560\" height=\"1440\" src=\"https:\/\/schabziger.ch\/wp-content\/uploads\/2025\/10\/GESKA_Webseite_Integration_Duo_Pack_ganze_Breite_1920x1080px_.Neujpg3-scaled.jpg\" alt=\"\" class=\"wp-image-4270\" srcset=\"https:\/\/schabziger.ch\/wp-content\/uploads\/2025\/10\/GESKA_Webseite_Integration_Duo_Pack_ganze_Breite_1920x1080px_.Neujpg3-scaled.jpg 2560w, https:\/\/schabziger.ch\/wp-content\/uploads\/2025\/10\/GESKA_Webseite_Integration_Duo_Pack_ganze_Breite_1920x1080px_.Neujpg3-300x169.jpg 300w, https:\/\/schabziger.ch\/wp-content\/uploads\/2025\/10\/GESKA_Webseite_Integration_Duo_Pack_ganze_Breite_1920x1080px_.Neujpg3-1024x576.jpg 1024w, https:\/\/schabziger.ch\/wp-content\/uploads\/2025\/10\/GESKA_Webseite_Integration_Duo_Pack_ganze_Breite_1920x1080px_.Neujpg3-768x432.jpg 768w, https:\/\/schabziger.ch\/wp-content\/uploads\/2025\/10\/GESKA_Webseite_Integration_Duo_Pack_ganze_Breite_1920x1080px_.Neujpg3-1536x864.jpg 1536w, https:\/\/schabziger.ch\/wp-content\/uploads\/2025\/10\/GESKA_Webseite_Integration_Duo_Pack_ganze_Breite_1920x1080px_.Neujpg3-2048x1152.jpg 2048w\" sizes=\"auto, (max-width: 2560px) 100vw, 2560px\" \/><\/figure>\n\n\n<\/div><\/section>\n<section class=\"gray\">\n\t<div class=\"content thirds max\">\n\t\t\t<div><h2><img decoding=\"async\" src=\"\/wp-content\/uploads\/2023\/09\/GESKA_Webseite_Integration_Duo_Pack_schmal_links_380px_FR.png\" title=\"Ueber den Salat\"><\/h2><\/div><div>\n\t\t\t\n\n\n\n\n<figure class=\"wp-block-image size-large\"><img loading=\"lazy\" decoding=\"async\" width=\"1024\" height=\"576\" src=\"https:\/\/schabziger.ch\/wp-content\/uploads\/2023\/09\/Gruppe-507-3-1024x576.png\" alt=\"\" class=\"wp-image-2766\" srcset=\"https:\/\/schabziger.ch\/wp-content\/uploads\/2023\/09\/Gruppe-507-3-1024x576.png 1024w, https:\/\/schabziger.ch\/wp-content\/uploads\/2023\/09\/Gruppe-507-3-300x169.png 300w, https:\/\/schabziger.ch\/wp-content\/uploads\/2023\/09\/Gruppe-507-3-768x432.png 768w, https:\/\/schabziger.ch\/wp-content\/uploads\/2023\/09\/Gruppe-507-3.png 1370w\" sizes=\"auto, (max-width: 1024px) 100vw, 1024px\" \/><\/figure>\n\n\n<\/div><\/div><\/section>\n<section class=\"white\">\n\t<div class=\"content regular\">\n\t\t\t\n\n\n\n\n<h1 class=\"wp-block-heading\"> Mmmh bon!<\/h1>\n\n\n\n<p class=\"has-medium-font-size\">Nos St\u00f6cklis au Schabziger, \u00e0 la truffe ou au chili conf\u00e8rent \u00e0 tes plats une saveur intense, \u00e9pic\u00e9e ou m\u00eame piquante reconnaissable entre toutes. Le St\u00f6ckli semi-dur convient pour r\u00e2per, raboter et tartiner, il peut \u00eatre utilis\u00e9 de mani\u00e8re tr\u00e8s polyvalente et apporte encore plus de plaisir dans ta cuisine. D\u00e9couvre nos d\u00e9licieuses recettes de St\u00f6ckli et laisse-toi inspirer!<\/p>\n\n\n<\/div><\/section>\n<section class=\"white\">\n\t<div class=\"content max\">\n\t\t\t\n\n\n\n<div id=\"fwdr3dcovDiv0\"><\/div><div id=\"fwdr3dcovPlaylistOffre\" class=\"fwdr3dcov-gallery\"><div data-cat=\"Offre\"><ul><li data-rl-src=\"link:https:\/\/schabziger.ch\/fr\/recipe\/raviolis-fourres-au-schabziger-et-au-chou\/\" data-rl-target=\"_blank\"><\/li><li data-thumb-src=\"https:\/\/schabziger.ch\/wp-content\/uploads\/2023\/10\/GESKA_Webseite_Integration_Duo_Pack_Rezepte_700px_FR6.png\"><\/li><\/ul><ul><li data-rl-src=\"link:https:\/\/schabziger.ch\/fr\/recipe\/cornettes-originales\/\" data-rl-target=\"_blank\"><\/li><li data-thumb-src=\"https:\/\/schabziger.ch\/wp-content\/uploads\/2023\/09\/GESKA_Webseite_Integration_Duo_Pack_Rezepte_700px_FR5.png\"><\/li><\/ul><ul><li data-rl-src=\"link:https:\/\/schabziger.ch\/fr\/recipe\/soupe-de-pommes-de-terre-et-roquette\/\" data-rl-target=\"_blank\"><\/li><li data-thumb-src=\"https:\/\/schabziger.ch\/wp-content\/uploads\/2023\/10\/GESKA_Webseite_Integration_Duo_Pack_Rezepte_700px_FR4-1.png\"><\/li><\/ul><ul><li data-rl-src=\"link:https:\/\/schabziger.ch\/fr\/recipe\/medaillons-de-boeuf-avec-pommes-de-terre-sautees-et-legumes\/\" data-rl-target=\"_blank\"><\/li><li data-thumb-src=\"https:\/\/schabziger.ch\/wp-content\/uploads\/2023\/09\/GESKA_Webseite_Integration_Duo_Pack_Rezepte_700px_FR3.png\"><\/li><\/ul><ul><li data-rl-src=\"link:https:\/\/schabziger.ch\/fr\/recipe\/fettucine-glaronese-all\u02bc-alfredo\/\" data-rl-target=\"_blank\"><\/li><li data-thumb-src=\"https:\/\/schabziger.ch\/wp-content\/uploads\/2023\/10\/GESKA_Webseite_Integration_Duo_Pack_Rezepte_700px_FR2.png\"><\/li><\/ul><ul><li data-rl-src=\"link:https:\/\/schabziger.ch\/fr\/recipe\/spaghetti-de-betterave-rouge-avec-sauce-au-schabziger\/\" data-rl-target=\"_blank\"><\/li><li data-thumb-src=\"https:\/\/schabziger.ch\/wp-content\/uploads\/2023\/10\/GESKA_Webseite_Integration_Duo_Pack_Rezepte_700px_FR.png\"><\/li><\/ul><\/div><\/div>\n\n\n<\/div><\/section>\n<section class=\"gray\">\n\t<div class=\"content max\">\n\t\t\t\n\n\n\n\n<figure class=\"wp-block-image size-full\"><img loading=\"lazy\" decoding=\"async\" width=\"2560\" height=\"1440\" src=\"https:\/\/schabziger.ch\/wp-content\/uploads\/2025\/10\/GESKA_Webseite_Integration_Duo_Pack_ganze_Breite_1920x1080px_.Neujpg4-scaled.jpg\" alt=\"\" class=\"wp-image-4273\" srcset=\"https:\/\/schabziger.ch\/wp-content\/uploads\/2025\/10\/GESKA_Webseite_Integration_Duo_Pack_ganze_Breite_1920x1080px_.Neujpg4-scaled.jpg 2560w, https:\/\/schabziger.ch\/wp-content\/uploads\/2025\/10\/GESKA_Webseite_Integration_Duo_Pack_ganze_Breite_1920x1080px_.Neujpg4-300x169.jpg 300w, https:\/\/schabziger.ch\/wp-content\/uploads\/2025\/10\/GESKA_Webseite_Integration_Duo_Pack_ganze_Breite_1920x1080px_.Neujpg4-1024x576.jpg 1024w, https:\/\/schabziger.ch\/wp-content\/uploads\/2025\/10\/GESKA_Webseite_Integration_Duo_Pack_ganze_Breite_1920x1080px_.Neujpg4-768x432.jpg 768w, https:\/\/schabziger.ch\/wp-content\/uploads\/2025\/10\/GESKA_Webseite_Integration_Duo_Pack_ganze_Breite_1920x1080px_.Neujpg4-1536x864.jpg 1536w, https:\/\/schabziger.ch\/wp-content\/uploads\/2025\/10\/GESKA_Webseite_Integration_Duo_Pack_ganze_Breite_1920x1080px_.Neujpg4-2048x1152.jpg 2048w\" sizes=\"auto, (max-width: 2560px) 100vw, 2560px\" \/><\/figure>\n\n\n<\/div><\/section>\n<section class=\"white\">\n\t<div class=\"content max\">\n\t\t\t\n\n\n\n\n<div class=\"wp-block-media-text has-media-on-the-right is-stacked-on-mobile\" style=\"grid-template-columns:auto 62%\"><div class=\"wp-block-media-text__content\">\n<h2 class=\"wp-block-heading\">Visite notre boutique <br>en ligne<\/h2>\n\n\n\n<p>Tu trouveras tous les produits, les sets cadeaux et bien plus encore dans notre <a href=\"https:\/\/shop.schabziger.ch\" target=\"_blank\" rel=\"noreferrer noopener\">boutique en ligne.<\/a><\/p>\n<\/div><figure class=\"wp-block-media-text__media\"><img loading=\"lazy\" decoding=\"async\" width=\"1024\" height=\"576\" src=\"https:\/\/schabziger.ch\/wp-content\/uploads\/2023\/09\/GESKA_Webseite_Integration_Duo_Pack_Text-Bild_1024px_FR-1024x576.jpg\" alt=\"\" class=\"wp-image-2816 size-full\" srcset=\"https:\/\/schabziger.ch\/wp-content\/uploads\/2023\/09\/GESKA_Webseite_Integration_Duo_Pack_Text-Bild_1024px_FR-1024x576.jpg 1024w, https:\/\/schabziger.ch\/wp-content\/uploads\/2023\/09\/GESKA_Webseite_Integration_Duo_Pack_Text-Bild_1024px_FR-300x169.jpg 300w, https:\/\/schabziger.ch\/wp-content\/uploads\/2023\/09\/GESKA_Webseite_Integration_Duo_Pack_Text-Bild_1024px_FR-768x432.jpg 768w, https:\/\/schabziger.ch\/wp-content\/uploads\/2023\/09\/GESKA_Webseite_Integration_Duo_Pack_Text-Bild_1024px_FR-1536x864.jpg 1536w, https:\/\/schabziger.ch\/wp-content\/uploads\/2023\/09\/GESKA_Webseite_Integration_Duo_Pack_Text-Bild_1024px_FR.jpg 1920w\" sizes=\"auto, (max-width: 1024px) 100vw, 1024px\" \/><\/figure><\/div>\n\n\n<\/div><\/section>\n<section class=\"gray\">\n\t<div class=\"content max\">\n\t\t\t\n\n\n\n\n<figure class=\"wp-block-gallery has-nested-images columns-default is-cropped wp-block-gallery-1 is-layout-flex wp-block-gallery-is-layout-flex\">\n<figure class=\"wp-block-image size-full\"><img loading=\"lazy\" decoding=\"async\" width=\"800\" height=\"800\" data-id=\"2965\" src=\"https:\/\/schabziger.ch\/wp-content\/uploads\/2023\/10\/GESKA_Webseite_Integration_Duo_Pack_3er_Kachel_800px_FR.jpg\" alt=\"\" class=\"wp-image-2965\" srcset=\"https:\/\/schabziger.ch\/wp-content\/uploads\/2023\/10\/GESKA_Webseite_Integration_Duo_Pack_3er_Kachel_800px_FR.jpg 800w, https:\/\/schabziger.ch\/wp-content\/uploads\/2023\/10\/GESKA_Webseite_Integration_Duo_Pack_3er_Kachel_800px_FR-300x300.jpg 300w, https:\/\/schabziger.ch\/wp-content\/uploads\/2023\/10\/GESKA_Webseite_Integration_Duo_Pack_3er_Kachel_800px_FR-150x150.jpg 150w, https:\/\/schabziger.ch\/wp-content\/uploads\/2023\/10\/GESKA_Webseite_Integration_Duo_Pack_3er_Kachel_800px_FR-768x768.jpg 768w\" sizes=\"auto, (max-width: 800px) 100vw, 800px\" \/><\/figure>\n\n\n\n<figure class=\"wp-block-image size-large\"><a href=\"https:\/\/www.instagram.com\/glarner_schabziger\/\" target=\"_blank\" rel=\"noreferrer noopener\"><img loading=\"lazy\" decoding=\"async\" width=\"800\" height=\"800\" data-id=\"2727\" src=\"https:\/\/schabziger.ch\/wp-content\/uploads\/2023\/09\/GESKA_Webseite_Integration_Duo_Pack_3er_Kachel_800px2-1.jpg\" alt=\"\" class=\"wp-image-2727\" srcset=\"https:\/\/schabziger.ch\/wp-content\/uploads\/2023\/09\/GESKA_Webseite_Integration_Duo_Pack_3er_Kachel_800px2-1.jpg 800w, https:\/\/schabziger.ch\/wp-content\/uploads\/2023\/09\/GESKA_Webseite_Integration_Duo_Pack_3er_Kachel_800px2-1-300x300.jpg 300w, https:\/\/schabziger.ch\/wp-content\/uploads\/2023\/09\/GESKA_Webseite_Integration_Duo_Pack_3er_Kachel_800px2-1-150x150.jpg 150w, https:\/\/schabziger.ch\/wp-content\/uploads\/2023\/09\/GESKA_Webseite_Integration_Duo_Pack_3er_Kachel_800px2-1-768x768.jpg 768w\" sizes=\"auto, (max-width: 800px) 100vw, 800px\" \/><\/a><\/figure>\n\n\n\n<figure class=\"wp-block-image size-large\"><a href=\"https:\/\/www.instagram.com\/glarner_kostlichkeit\/\" target=\"_blank\" rel=\"noreferrer noopener\"><img loading=\"lazy\" decoding=\"async\" width=\"800\" height=\"800\" data-id=\"2822\" src=\"https:\/\/schabziger.ch\/wp-content\/uploads\/2023\/09\/GESKA_Webseite_Integration_Duo_Pack_3er_Kachel_800px3_FR.jpg\" alt=\"\" class=\"wp-image-2822\" srcset=\"https:\/\/schabziger.ch\/wp-content\/uploads\/2023\/09\/GESKA_Webseite_Integration_Duo_Pack_3er_Kachel_800px3_FR.jpg 800w, https:\/\/schabziger.ch\/wp-content\/uploads\/2023\/09\/GESKA_Webseite_Integration_Duo_Pack_3er_Kachel_800px3_FR-300x300.jpg 300w, https:\/\/schabziger.ch\/wp-content\/uploads\/2023\/09\/GESKA_Webseite_Integration_Duo_Pack_3er_Kachel_800px3_FR-150x150.jpg 150w, https:\/\/schabziger.ch\/wp-content\/uploads\/2023\/09\/GESKA_Webseite_Integration_Duo_Pack_3er_Kachel_800px3_FR-768x768.jpg 768w\" sizes=\"auto, (max-width: 800px) 100vw, 800px\" \/><\/a><\/figure>\n<\/figure>\n\n\n<\/div><\/section>\n<section class=\"white\">\n\t<div class=\"content regular\">\n\t\t\t\n\n\n\n\n<h1 class=\"wp-block-heading has-black-color has-text-color\">Glarner D\u00e9licatesse<\/h1>\n\n\n\n<p class=\"has-medium-font-size\">Glarner D\u00e9licatesse est la deuxi\u00e8me ligne de produits de Geska. D\u00e9couvre les d\u00e9licieux produits &#8211; sans schabziger mais \u00e0 base du meilleur lait de montagne glaronnais. <br><a href=\"https:\/\/glarnerkoestlichkeit.ch\/\" target=\"_blank\" rel=\"noreferrer noopener\">G<\/a><a href=\"https:\/\/glarnerkoestlichkeit.ch\/\">larner D\u00e9licatesse<\/a><\/p>\n\n\n<\/div><\/section>\n<section class=\"white\">\n\t<div class=\"content max\">\n\t\t\t\n\n\n\n\n<figure class=\"wp-block-gallery has-nested-images columns-default is-cropped wp-block-gallery-2 is-layout-flex wp-block-gallery-is-layout-flex\">\n<figure class=\"wp-block-image size-large\"><a href=\"https:\/\/glarnerkoestlichkeit.ch\/produkte\/\" target=\"_blank\" rel=\"noreferrer noopener\"><img loading=\"lazy\" decoding=\"async\" width=\"1024\" height=\"707\" data-id=\"2978\" src=\"https:\/\/schabziger.ch\/wp-content\/uploads\/2023\/10\/Kraftkom_Referenzen_Web_GESKA_500x345px_4-1-1024x707.jpg\" alt=\"\" class=\"wp-image-2978\" srcset=\"https:\/\/schabziger.ch\/wp-content\/uploads\/2023\/10\/Kraftkom_Referenzen_Web_GESKA_500x345px_4-1-1024x707.jpg 1024w, https:\/\/schabziger.ch\/wp-content\/uploads\/2023\/10\/Kraftkom_Referenzen_Web_GESKA_500x345px_4-1-300x207.jpg 300w, https:\/\/schabziger.ch\/wp-content\/uploads\/2023\/10\/Kraftkom_Referenzen_Web_GESKA_500x345px_4-1-768x530.jpg 768w, https:\/\/schabziger.ch\/wp-content\/uploads\/2023\/10\/Kraftkom_Referenzen_Web_GESKA_500x345px_4-1.jpg 1042w\" sizes=\"auto, (max-width: 1024px) 100vw, 1024px\" \/><\/a><\/figure>\n\n\n\n<figure class=\"wp-block-image size-large\"><a href=\"https:\/\/glarnerkoestlichkeit.ch\/produkte\/\" target=\"_blank\" rel=\"noreferrer noopener\"><img loading=\"lazy\" decoding=\"async\" width=\"1024\" height=\"1024\" data-id=\"2981\" src=\"https:\/\/schabziger.ch\/wp-content\/uploads\/2023\/10\/Kraftkom_Referenzen_Web_GESKA_500x500px_-1-1024x1024.jpg\" alt=\"\" class=\"wp-image-2981\" srcset=\"https:\/\/schabziger.ch\/wp-content\/uploads\/2023\/10\/Kraftkom_Referenzen_Web_GESKA_500x500px_-1-1024x1024.jpg 1024w, https:\/\/schabziger.ch\/wp-content\/uploads\/2023\/10\/Kraftkom_Referenzen_Web_GESKA_500x500px_-1-300x300.jpg 300w, https:\/\/schabziger.ch\/wp-content\/uploads\/2023\/10\/Kraftkom_Referenzen_Web_GESKA_500x500px_-1-150x150.jpg 150w, https:\/\/schabziger.ch\/wp-content\/uploads\/2023\/10\/Kraftkom_Referenzen_Web_GESKA_500x500px_-1-768x768.jpg 768w, https:\/\/schabziger.ch\/wp-content\/uploads\/2023\/10\/Kraftkom_Referenzen_Web_GESKA_500x500px_-1.jpg 1042w\" sizes=\"auto, (max-width: 1024px) 100vw, 1024px\" \/><\/a><\/figure>\n\n\n\n<figure class=\"wp-block-image size-large\"><a href=\"https:\/\/glarnerkoestlichkeit.ch\/produkte\/\" target=\"_blank\" rel=\"noreferrer noopener\"><img loading=\"lazy\" decoding=\"async\" width=\"1024\" height=\"1024\" data-id=\"2984\" src=\"https:\/\/schabziger.ch\/wp-content\/uploads\/2023\/10\/Kraftkom_Referenzen_Web_GESKA_500x500px_2-1-1024x1024.jpg\" alt=\"\" class=\"wp-image-2984\" srcset=\"https:\/\/schabziger.ch\/wp-content\/uploads\/2023\/10\/Kraftkom_Referenzen_Web_GESKA_500x500px_2-1-1024x1024.jpg 1024w, https:\/\/schabziger.ch\/wp-content\/uploads\/2023\/10\/Kraftkom_Referenzen_Web_GESKA_500x500px_2-1-300x300.jpg 300w, https:\/\/schabziger.ch\/wp-content\/uploads\/2023\/10\/Kraftkom_Referenzen_Web_GESKA_500x500px_2-1-150x150.jpg 150w, https:\/\/schabziger.ch\/wp-content\/uploads\/2023\/10\/Kraftkom_Referenzen_Web_GESKA_500x500px_2-1-768x768.jpg 768w, https:\/\/schabziger.ch\/wp-content\/uploads\/2023\/10\/Kraftkom_Referenzen_Web_GESKA_500x500px_2-1.jpg 1042w\" sizes=\"auto, (max-width: 1024px) 100vw, 1024px\" \/><\/a><\/figure>\n<\/figure>\n","protected":false},"excerpt":{"rendered":"<p>Mmmh bon! Nos St\u00f6cklis au Schabziger, \u00e0 la truffe ou au chili conf\u00e8rent \u00e0 tes plats une saveur intense, \u00e9pic\u00e9e ou m\u00eame piquante reconnaissable entre toutes. Le St\u00f6ckli semi-dur convient pour r\u00e2per, raboter et tartiner, il peut \u00eatre utilis\u00e9 de mani\u00e8re tr\u00e8s polyvalente et apporte encore plus de plaisir dans ta cuisine. D\u00e9couvre nos d\u00e9licieuses [&hellip;]<\/p>\n","protected":false},"author":5,"featured_media":0,"parent":0,"menu_order":1,"comment_status":"closed","ping_status":"closed","template":"","meta":{"_acf_changed":false,"inline_featured_image":false,"footnotes":""},"class_list":["post-2442","page","type-page","status-publish","hentry"],"acf":[],"yoast_head":"<!-- This site is optimized with the Yoast SEO plugin v27.5 - https:\/\/yoast.com\/product\/yoast-seo-wordpress\/ -->\n<title>Offre Duo - Schabziger<\/title>\n<meta name=\"description\" content=\"Bienvenue sur le site officiel du Glarner Schabziger, le plus ancien produit de marque au monde !\" \/>\n<meta name=\"robots\" content=\"index, follow, max-snippet:-1, max-image-preview:large, max-video-preview:-1\" \/>\n<link rel=\"canonical\" href=\"https:\/\/schabziger.ch\/fr\/offre-duo\/\" \/>\n<meta property=\"og:locale\" content=\"fr_FR\" \/>\n<meta property=\"og:type\" content=\"article\" \/>\n<meta property=\"og:title\" content=\"Offre Duo - Schabziger\" \/>\n<meta property=\"og:description\" content=\"Bienvenue sur le site officiel du Glarner Schabziger, le plus ancien produit de marque au monde !\" \/>\n<meta property=\"og:url\" content=\"https:\/\/schabziger.ch\/fr\/offre-duo\/\" \/>\n<meta property=\"og:site_name\" content=\"Schabziger\" \/>\n<meta property=\"article:modified_time\" content=\"2025-10-24T14:47:04+00:00\" \/>\n<meta property=\"og:image\" content=\"https:\/\/schabziger.ch\/wp-content\/uploads\/2025\/10\/GESKA_Webseite_Integration_Duo_Pack_ganze_Breite_1920x1080px_.Neujpg3-scaled.jpg\" \/>\n\t<meta property=\"og:image:width\" content=\"2560\" \/>\n\t<meta property=\"og:image:height\" content=\"1440\" \/>\n\t<meta property=\"og:image:type\" content=\"image\/jpeg\" \/>\n<meta name=\"twitter:card\" content=\"summary_large_image\" \/>\n<meta name=\"twitter:label1\" content=\"Dur\u00e9e de lecture estim\u00e9e\" \/>\n\t<meta name=\"twitter:data1\" content=\"3 minutes\" \/>\n<script type=\"application\/ld+json\" class=\"yoast-schema-graph\">{\"@context\":\"https:\\\/\\\/schema.org\",\"@graph\":[{\"@type\":\"WebPage\",\"@id\":\"https:\\\/\\\/schabziger.ch\\\/fr\\\/offre-duo\\\/\",\"url\":\"https:\\\/\\\/schabziger.ch\\\/fr\\\/offre-duo\\\/\",\"name\":\"Offre Duo - Schabziger\",\"isPartOf\":{\"@id\":\"https:\\\/\\\/schabziger.ch\\\/fr\\\/#website\"},\"primaryImageOfPage\":{\"@id\":\"https:\\\/\\\/schabziger.ch\\\/fr\\\/offre-duo\\\/#primaryimage\"},\"image\":{\"@id\":\"https:\\\/\\\/schabziger.ch\\\/fr\\\/offre-duo\\\/#primaryimage\"},\"thumbnailUrl\":\"https:\\\/\\\/schabziger.ch\\\/wp-content\\\/uploads\\\/2025\\\/10\\\/GESKA_Webseite_Integration_Duo_Pack_ganze_Breite_1920x1080px_.Neujpg3-scaled.jpg\",\"datePublished\":\"2023-09-29T06:53:26+00:00\",\"dateModified\":\"2025-10-24T14:47:04+00:00\",\"description\":\"Bienvenue sur le site officiel du Glarner Schabziger, le plus ancien produit de marque au monde !\",\"breadcrumb\":{\"@id\":\"https:\\\/\\\/schabziger.ch\\\/fr\\\/offre-duo\\\/#breadcrumb\"},\"inLanguage\":\"fr-FR\",\"potentialAction\":[{\"@type\":\"ReadAction\",\"target\":[\"https:\\\/\\\/schabziger.ch\\\/fr\\\/offre-duo\\\/\"]}]},{\"@type\":\"ImageObject\",\"inLanguage\":\"fr-FR\",\"@id\":\"https:\\\/\\\/schabziger.ch\\\/fr\\\/offre-duo\\\/#primaryimage\",\"url\":\"https:\\\/\\\/schabziger.ch\\\/wp-content\\\/uploads\\\/2025\\\/10\\\/GESKA_Webseite_Integration_Duo_Pack_ganze_Breite_1920x1080px_.Neujpg3-scaled.jpg\",\"contentUrl\":\"https:\\\/\\\/schabziger.ch\\\/wp-content\\\/uploads\\\/2025\\\/10\\\/GESKA_Webseite_Integration_Duo_Pack_ganze_Breite_1920x1080px_.Neujpg3-scaled.jpg\"},{\"@type\":\"BreadcrumbList\",\"@id\":\"https:\\\/\\\/schabziger.ch\\\/fr\\\/offre-duo\\\/#breadcrumb\",\"itemListElement\":[{\"@type\":\"ListItem\",\"position\":1,\"name\":\"Startseite\",\"item\":\"https:\\\/\\\/schabziger.ch\\\/fr\\\/\"},{\"@type\":\"ListItem\",\"position\":2,\"name\":\"Offre Duo\"}]},{\"@type\":\"WebSite\",\"@id\":\"https:\\\/\\\/schabziger.ch\\\/fr\\\/#website\",\"url\":\"https:\\\/\\\/schabziger.ch\\\/fr\\\/\",\"name\":\"Schabziger\",\"description\":\"Uurw\u00fcrzig guet\",\"potentialAction\":[{\"@type\":\"SearchAction\",\"target\":{\"@type\":\"EntryPoint\",\"urlTemplate\":\"https:\\\/\\\/schabziger.ch\\\/fr\\\/?s={search_term_string}\"},\"query-input\":{\"@type\":\"PropertyValueSpecification\",\"valueRequired\":true,\"valueName\":\"search_term_string\"}}],\"inLanguage\":\"fr-FR\"}]}<\/script>\n<!-- \/ Yoast SEO plugin. -->","yoast_head_json":{"title":"Offre Duo - Schabziger","description":"Bienvenue sur le site officiel du Glarner Schabziger, le plus ancien produit de marque au monde !","robots":{"index":"index","follow":"follow","max-snippet":"max-snippet:-1","max-image-preview":"max-image-preview:large","max-video-preview":"max-video-preview:-1"},"canonical":"https:\/\/schabziger.ch\/fr\/offre-duo\/","og_locale":"fr_FR","og_type":"article","og_title":"Offre Duo - Schabziger","og_description":"Bienvenue sur le site officiel du Glarner Schabziger, le plus ancien produit de marque au monde !","og_url":"https:\/\/schabziger.ch\/fr\/offre-duo\/","og_site_name":"Schabziger","article_modified_time":"2025-10-24T14:47:04+00:00","og_image":[{"width":2560,"height":1440,"url":"https:\/\/schabziger.ch\/wp-content\/uploads\/2025\/10\/GESKA_Webseite_Integration_Duo_Pack_ganze_Breite_1920x1080px_.Neujpg3-scaled.jpg","type":"image\/jpeg"}],"twitter_card":"summary_large_image","twitter_misc":{"Dur\u00e9e de lecture estim\u00e9e":"3 minutes"},"schema":{"@context":"https:\/\/schema.org","@graph":[{"@type":"WebPage","@id":"https:\/\/schabziger.ch\/fr\/offre-duo\/","url":"https:\/\/schabziger.ch\/fr\/offre-duo\/","name":"Offre Duo - Schabziger","isPartOf":{"@id":"https:\/\/schabziger.ch\/fr\/#website"},"primaryImageOfPage":{"@id":"https:\/\/schabziger.ch\/fr\/offre-duo\/#primaryimage"},"image":{"@id":"https:\/\/schabziger.ch\/fr\/offre-duo\/#primaryimage"},"thumbnailUrl":"https:\/\/schabziger.ch\/wp-content\/uploads\/2025\/10\/GESKA_Webseite_Integration_Duo_Pack_ganze_Breite_1920x1080px_.Neujpg3-scaled.jpg","datePublished":"2023-09-29T06:53:26+00:00","dateModified":"2025-10-24T14:47:04+00:00","description":"Bienvenue sur le site officiel du Glarner Schabziger, le plus ancien produit de marque au monde !","breadcrumb":{"@id":"https:\/\/schabziger.ch\/fr\/offre-duo\/#breadcrumb"},"inLanguage":"fr-FR","potentialAction":[{"@type":"ReadAction","target":["https:\/\/schabziger.ch\/fr\/offre-duo\/"]}]},{"@type":"ImageObject","inLanguage":"fr-FR","@id":"https:\/\/schabziger.ch\/fr\/offre-duo\/#primaryimage","url":"https:\/\/schabziger.ch\/wp-content\/uploads\/2025\/10\/GESKA_Webseite_Integration_Duo_Pack_ganze_Breite_1920x1080px_.Neujpg3-scaled.jpg","contentUrl":"https:\/\/schabziger.ch\/wp-content\/uploads\/2025\/10\/GESKA_Webseite_Integration_Duo_Pack_ganze_Breite_1920x1080px_.Neujpg3-scaled.jpg"},{"@type":"BreadcrumbList","@id":"https:\/\/schabziger.ch\/fr\/offre-duo\/#breadcrumb","itemListElement":[{"@type":"ListItem","position":1,"name":"Startseite","item":"https:\/\/schabziger.ch\/fr\/"},{"@type":"ListItem","position":2,"name":"Offre Duo"}]},{"@type":"WebSite","@id":"https:\/\/schabziger.ch\/fr\/#website","url":"https:\/\/schabziger.ch\/fr\/","name":"Schabziger","description":"Uurw\u00fcrzig guet","potentialAction":[{"@type":"SearchAction","target":{"@type":"EntryPoint","urlTemplate":"https:\/\/schabziger.ch\/fr\/?s={search_term_string}"},"query-input":{"@type":"PropertyValueSpecification","valueRequired":true,"valueName":"search_term_string"}}],"inLanguage":"fr-FR"}]}},"_links":{"self":[{"href":"https:\/\/schabziger.ch\/fr\/wp-json\/wp\/v2\/pages\/2442","targetHints":{"allow":["GET"]}}],"collection":[{"href":"https:\/\/schabziger.ch\/fr\/wp-json\/wp\/v2\/pages"}],"about":[{"href":"https:\/\/schabziger.ch\/fr\/wp-json\/wp\/v2\/types\/page"}],"author":[{"embeddable":true,"href":"https:\/\/schabziger.ch\/fr\/wp-json\/wp\/v2\/users\/5"}],"replies":[{"embeddable":true,"href":"https:\/\/schabziger.ch\/fr\/wp-json\/wp\/v2\/comments?post=2442"}],"version-history":[{"count":36,"href":"https:\/\/schabziger.ch\/fr\/wp-json\/wp\/v2\/pages\/2442\/revisions"}],"predecessor-version":[{"id":4275,"href":"https:\/\/schabziger.ch\/fr\/wp-json\/wp\/v2\/pages\/2442\/revisions\/4275"}],"wp:attachment":[{"href":"https:\/\/schabziger.ch\/fr\/wp-json\/wp\/v2\/media?parent=2442"}],"curies":[{"name":"wp","href":"https:\/\/api.w.org\/{rel}","templated":true}]}}