{"id":1387,"date":"2022-04-11T09:36:19","date_gmt":"2022-04-11T07:36:19","guid":{"rendered":"https:\/\/geska.brandneu.ch\/le-trefle-du-schabziger\/"},"modified":"2022-08-09T11:25:38","modified_gmt":"2022-08-09T09:25:38","slug":"le-trefle-du-schabziger","status":"publish","type":"page","link":"https:\/\/schabziger.ch\/fr\/le-trefle-du-schabziger\/","title":{"rendered":"Le tr\u00e8fle du Schabziger"},"content":{"rendered":"\n<h1 class=\"has-text-align-left wp-block-heading\">Le tr\u00e8fle du Schabziger<\/h1>\n\n\n\n<section class=\"white\">\n\t<div class=\"content thirds max\">\n\t\t\t<div><h2>Pas seulement d\u00e9licieux &#8211; mais aussi sain !<\/h2><\/div><div>\n\t\t\t\n\n\n\n\n<h4 class=\"wp-block-heading\">Le rem\u00e8de miracle<\/h4>\n\n\n\n<p>Le schabziger glaronnais n&rsquo;est pas seulement d\u00e9licieux, il est aussi sain ! Il le doit notamment au tr\u00e8fle \u00e0 Schabziger, qui est ajout\u00e9 au Rohziger. Vous trouverez ici des informations utiles et int\u00e9ressantes sur le tr\u00e8fle du Schabziger :<\/p>\n\n\n\n<h4 class=\"wp-block-heading\">Botanique<\/h4>\n\n\n\n<p>Le trigonelle bleu (Trigonella melilotus-caerulea), nom officiel du trigonelle du Schabziger, pr\u00e9sente des fleurs bleu clair, dispos\u00e9es en longues grappes p\u00e9doncul\u00e9es en forme de t\u00eate, comme la luzerne. La plante annuelle atteint une hauteur de 15 \u00e0 60 cm.<\/p>\n\n\n\n<h4 class=\"wp-block-heading\">Origine<\/h4>\n\n\n\n<p>Le tr\u00e8fle \u00e0 quatre feuilles est originaire des pays de l&rsquo;est de la M\u00e9diterran\u00e9e et d&rsquo;Asie mineure. De nos jours, on ne le conna\u00eet presque plus en dehors de l&rsquo;espace alpin.<\/p>\n\n\n\n<h4 class=\"wp-block-heading\">\u00c9tymologie<\/h4>\n\n\n\n<p>Les appellations populaires de tr\u00e8fle ou d&rsquo;herbe de Schabziger font r\u00e9f\u00e9rence \u00e0 son utilisation dans la production de fromage. Dans les pays germanophones, le tr\u00e8fle du Schabziger est \u00e9galement appel\u00e9 \u00ab\u00a0Blausteinkraut\u00a0\u00bb, \u00ab\u00a0Bockshornklee\u00a0\u00bb, \u00ab\u00a0Bisamklee\u00a0\u00bb, \u00ab\u00a0Hexenklee\u00a0\u00bb ou \u00ab\u00a0K\u00e4seklee\u00a0\u00bb. Dans le Tyrol du Sud, il s&rsquo;appelle Zigainerkraut ou tr\u00e8fle \u00e0 pain.<\/p>\n\n\n\n<h4 class=\"wp-block-heading\">Histoire<\/h4>\n\n\n\n<p>Le fenugrec bleu faisait notamment partie des objets apport\u00e9s par les crois\u00e9s, qui ont men\u00e9 plusieurs campagnes contre les musulmans en Asie mineure du 11e au 13e si\u00e8cle. Il est \u00e9troitement apparent\u00e9 au fenugrec, dont les vertus m\u00e9dicinales \u00e9taient d\u00e9j\u00e0 connues dans la m\u00e9decine monastique d&rsquo;autrefois. L&rsquo;herbe de s\u00e9rac a d&rsquo;abord \u00e9t\u00e9 cultiv\u00e9e exclusivement dans les jardins d&rsquo;herbes aromatiques des monast\u00e8res. Apr\u00e8s s&rsquo;\u00eatre d\u00e9barrass\u00e9s du couvent de S\u00e4ckingen, les Glaronais ont \u00e9galement sem\u00e9 le tr\u00e8fle dans leur propre canton. Plus tard, l&rsquo;annexe a \u00e9t\u00e9 \u00ab\u00a0d\u00e9localis\u00e9e\u00a0\u00bb \u00e0 Lachen\/SZ.<\/p>\n\n\n\n<h4 class=\"wp-block-heading\">Extension<\/h4>\n\n\n\n<p>Le tr\u00e8fle du Schabziger est cultiv\u00e9 selon les directives de l&rsquo;agriculture biologique. \u00c0 la mi-ao\u00fbt, les semences obtenues par l&rsquo;agriculteur sont sem\u00e9es dans un champ exempt de mauvaises herbes. Quatre semaines apr\u00e8s le semis, un premier d\u00e9sherbage est effectu\u00e9 &#8211; \u00e0 la main et \u00e0 genoux. Tout ce qui n&rsquo;est pas du tr\u00e8fle doit \u00eatre arrach\u00e9. Au printemps, r\u00e9p\u00e9ter la m\u00eame proc\u00e9dure. Les cultivateurs de tr\u00e8fle comptent environ mille heures de travail par tonne de poudre de tr\u00e8fle.<br>Si les conditions climatiques sont favorables, le tr\u00e8fle peut \u00eatre coup\u00e9 pour la premi\u00e8re fois d\u00e8s l&rsquo;automne. La deuxi\u00e8me coupe, particuli\u00e8rement pr\u00e9cieuse, a lieu en avril ; c&rsquo;est \u00e0 ce moment que l&rsquo;ar\u00f4me est le plus fort. Dans l&rsquo;id\u00e9al, il est possible de r\u00e9colter quatre fois. \u00c0 partir de juin\/juillet, on laisse les herbes en place pour qu&rsquo;elles puissent fleurir. Les tiges \u00e0 graines m\u00fbres sont coup\u00e9es et battues. On obtient ainsi les semences pour la prochaine r\u00e9colte de tr\u00e8fle.<\/p>\n\n\n\n<h4 class=\"wp-block-heading\">Go\u00fbt et ingr\u00e9dients<\/h4>\n\n\n\n<p>Le s\u00e9chage et le \u00ab\u00a0r\u00e2page\u00a0\u00bb (tri des parties grossi\u00e8res de la plante) permettent de r\u00e9duire le poids de la masse verte d&rsquo;au moins 90%. Le broyage est effectu\u00e9 dans une entreprise sp\u00e9cialis\u00e9e dans ce domaine. Le tr\u00e8fle s\u00e9ch\u00e9 du Schabziger a une odeur agr\u00e9ablement \u00e9pic\u00e9e. Sur la langue, il d\u00e9ploie son ar\u00f4me \u00e2pre.<\/p>\n","protected":false},"excerpt":{"rendered":"<p>Le tr\u00e8fle du Schabziger Le rem\u00e8de miracle Le schabziger glaronnais n&rsquo;est pas seulement d\u00e9licieux, il est aussi sain ! Il le doit notamment au tr\u00e8fle \u00e0 Schabziger, qui est ajout\u00e9 au Rohziger. Vous trouverez ici des informations utiles et int\u00e9ressantes sur le tr\u00e8fle du Schabziger : Botanique Le trigonelle bleu (Trigonella melilotus-caerulea), nom officiel du [&hellip;]<\/p>\n","protected":false},"author":1,"featured_media":1274,"parent":0,"menu_order":10,"comment_status":"closed","ping_status":"closed","template":"inhalt.php","meta":{"_acf_changed":false,"inline_featured_image":false,"footnotes":""},"class_list":["post-1387","page","type-page","status-publish","has-post-thumbnail","hentry"],"acf":[],"yoast_head":"<!-- This site is optimized with the Yoast SEO plugin v27.3 - https:\/\/yoast.com\/product\/yoast-seo-wordpress\/ -->\n<title>Le tr\u00e8fle du Schabziger - Schabziger<\/title>\n<meta name=\"description\" content=\"Le schabziger glaronnais n&#039;est pas seulement d\u00e9licieux, il est aussi sain ! Il le doit aussi au tr\u00e8fle du Schabziger.\" \/>\n<meta name=\"robots\" content=\"index, follow, max-snippet:-1, max-image-preview:large, max-video-preview:-1\" \/>\n<link rel=\"canonical\" href=\"https:\/\/schabziger.ch\/fr\/le-trefle-du-schabziger\/\" \/>\n<meta property=\"og:locale\" content=\"fr_FR\" \/>\n<meta property=\"og:type\" content=\"article\" \/>\n<meta property=\"og:title\" content=\"Le tr\u00e8fle du Schabziger - Schabziger\" \/>\n<meta property=\"og:description\" content=\"Le schabziger glaronnais n&#039;est pas seulement d\u00e9licieux, il est aussi sain ! Il le doit aussi au tr\u00e8fle du Schabziger.\" \/>\n<meta property=\"og:url\" content=\"https:\/\/schabziger.ch\/fr\/le-trefle-du-schabziger\/\" \/>\n<meta property=\"og:site_name\" content=\"Schabziger\" \/>\n<meta property=\"article:modified_time\" content=\"2022-08-09T09:25:38+00:00\" \/>\n<meta property=\"og:image\" content=\"https:\/\/schabziger.ch\/wp-content\/uploads\/2022\/05\/gsz_04_produkte_klee_1.jpg\" \/>\n\t<meta property=\"og:image:width\" content=\"1560\" \/>\n\t<meta property=\"og:image:height\" content=\"1120\" \/>\n\t<meta property=\"og:image:type\" content=\"image\/jpeg\" \/>\n<meta name=\"twitter:card\" content=\"summary_large_image\" \/>\n<meta name=\"twitter:label1\" content=\"Dur\u00e9e de lecture estim\u00e9e\" \/>\n\t<meta name=\"twitter:data1\" content=\"3 minutes\" \/>\n<script type=\"application\/ld+json\" class=\"yoast-schema-graph\">{\"@context\":\"https:\\\/\\\/schema.org\",\"@graph\":[{\"@type\":\"WebPage\",\"@id\":\"https:\\\/\\\/schabziger.ch\\\/fr\\\/le-trefle-du-schabziger\\\/\",\"url\":\"https:\\\/\\\/schabziger.ch\\\/fr\\\/le-trefle-du-schabziger\\\/\",\"name\":\"Le tr\u00e8fle du Schabziger - Schabziger\",\"isPartOf\":{\"@id\":\"https:\\\/\\\/schabziger.ch\\\/fr\\\/#website\"},\"primaryImageOfPage\":{\"@id\":\"https:\\\/\\\/schabziger.ch\\\/fr\\\/le-trefle-du-schabziger\\\/#primaryimage\"},\"image\":{\"@id\":\"https:\\\/\\\/schabziger.ch\\\/fr\\\/le-trefle-du-schabziger\\\/#primaryimage\"},\"thumbnailUrl\":\"https:\\\/\\\/schabziger.ch\\\/wp-content\\\/uploads\\\/2022\\\/05\\\/gsz_04_produkte_klee_1.jpg\",\"datePublished\":\"2022-04-11T07:36:19+00:00\",\"dateModified\":\"2022-08-09T09:25:38+00:00\",\"description\":\"Le schabziger glaronnais n'est pas seulement d\u00e9licieux, il est aussi sain ! Il le doit aussi au tr\u00e8fle du Schabziger.\",\"breadcrumb\":{\"@id\":\"https:\\\/\\\/schabziger.ch\\\/fr\\\/le-trefle-du-schabziger\\\/#breadcrumb\"},\"inLanguage\":\"fr-FR\",\"potentialAction\":[{\"@type\":\"ReadAction\",\"target\":[\"https:\\\/\\\/schabziger.ch\\\/fr\\\/le-trefle-du-schabziger\\\/\"]}]},{\"@type\":\"ImageObject\",\"inLanguage\":\"fr-FR\",\"@id\":\"https:\\\/\\\/schabziger.ch\\\/fr\\\/le-trefle-du-schabziger\\\/#primaryimage\",\"url\":\"https:\\\/\\\/schabziger.ch\\\/wp-content\\\/uploads\\\/2022\\\/05\\\/gsz_04_produkte_klee_1.jpg\",\"contentUrl\":\"https:\\\/\\\/schabziger.ch\\\/wp-content\\\/uploads\\\/2022\\\/05\\\/gsz_04_produkte_klee_1.jpg\",\"width\":1560,\"height\":1120},{\"@type\":\"BreadcrumbList\",\"@id\":\"https:\\\/\\\/schabziger.ch\\\/fr\\\/le-trefle-du-schabziger\\\/#breadcrumb\",\"itemListElement\":[{\"@type\":\"ListItem\",\"position\":1,\"name\":\"Startseite\",\"item\":\"https:\\\/\\\/schabziger.ch\\\/fr\\\/\"},{\"@type\":\"ListItem\",\"position\":2,\"name\":\"Le tr\u00e8fle du Schabziger\"}]},{\"@type\":\"WebSite\",\"@id\":\"https:\\\/\\\/schabziger.ch\\\/fr\\\/#website\",\"url\":\"https:\\\/\\\/schabziger.ch\\\/fr\\\/\",\"name\":\"Schabziger\",\"description\":\"Uurw\u00fcrzig guet\",\"potentialAction\":[{\"@type\":\"SearchAction\",\"target\":{\"@type\":\"EntryPoint\",\"urlTemplate\":\"https:\\\/\\\/schabziger.ch\\\/fr\\\/?s={search_term_string}\"},\"query-input\":{\"@type\":\"PropertyValueSpecification\",\"valueRequired\":true,\"valueName\":\"search_term_string\"}}],\"inLanguage\":\"fr-FR\"}]}<\/script>\n<!-- \/ Yoast SEO plugin. -->","yoast_head_json":{"title":"Le tr\u00e8fle du Schabziger - Schabziger","description":"Le schabziger glaronnais n'est pas seulement d\u00e9licieux, il est aussi sain ! Il le doit aussi au tr\u00e8fle du Schabziger.","robots":{"index":"index","follow":"follow","max-snippet":"max-snippet:-1","max-image-preview":"max-image-preview:large","max-video-preview":"max-video-preview:-1"},"canonical":"https:\/\/schabziger.ch\/fr\/le-trefle-du-schabziger\/","og_locale":"fr_FR","og_type":"article","og_title":"Le tr\u00e8fle du Schabziger - Schabziger","og_description":"Le schabziger glaronnais n'est pas seulement d\u00e9licieux, il est aussi sain ! Il le doit aussi au tr\u00e8fle du Schabziger.","og_url":"https:\/\/schabziger.ch\/fr\/le-trefle-du-schabziger\/","og_site_name":"Schabziger","article_modified_time":"2022-08-09T09:25:38+00:00","og_image":[{"width":1560,"height":1120,"url":"https:\/\/schabziger.ch\/wp-content\/uploads\/2022\/05\/gsz_04_produkte_klee_1.jpg","type":"image\/jpeg"}],"twitter_card":"summary_large_image","twitter_misc":{"Dur\u00e9e de lecture estim\u00e9e":"3 minutes"},"schema":{"@context":"https:\/\/schema.org","@graph":[{"@type":"WebPage","@id":"https:\/\/schabziger.ch\/fr\/le-trefle-du-schabziger\/","url":"https:\/\/schabziger.ch\/fr\/le-trefle-du-schabziger\/","name":"Le tr\u00e8fle du Schabziger - Schabziger","isPartOf":{"@id":"https:\/\/schabziger.ch\/fr\/#website"},"primaryImageOfPage":{"@id":"https:\/\/schabziger.ch\/fr\/le-trefle-du-schabziger\/#primaryimage"},"image":{"@id":"https:\/\/schabziger.ch\/fr\/le-trefle-du-schabziger\/#primaryimage"},"thumbnailUrl":"https:\/\/schabziger.ch\/wp-content\/uploads\/2022\/05\/gsz_04_produkte_klee_1.jpg","datePublished":"2022-04-11T07:36:19+00:00","dateModified":"2022-08-09T09:25:38+00:00","description":"Le schabziger glaronnais n'est pas seulement d\u00e9licieux, il est aussi sain ! Il le doit aussi au tr\u00e8fle du Schabziger.","breadcrumb":{"@id":"https:\/\/schabziger.ch\/fr\/le-trefle-du-schabziger\/#breadcrumb"},"inLanguage":"fr-FR","potentialAction":[{"@type":"ReadAction","target":["https:\/\/schabziger.ch\/fr\/le-trefle-du-schabziger\/"]}]},{"@type":"ImageObject","inLanguage":"fr-FR","@id":"https:\/\/schabziger.ch\/fr\/le-trefle-du-schabziger\/#primaryimage","url":"https:\/\/schabziger.ch\/wp-content\/uploads\/2022\/05\/gsz_04_produkte_klee_1.jpg","contentUrl":"https:\/\/schabziger.ch\/wp-content\/uploads\/2022\/05\/gsz_04_produkte_klee_1.jpg","width":1560,"height":1120},{"@type":"BreadcrumbList","@id":"https:\/\/schabziger.ch\/fr\/le-trefle-du-schabziger\/#breadcrumb","itemListElement":[{"@type":"ListItem","position":1,"name":"Startseite","item":"https:\/\/schabziger.ch\/fr\/"},{"@type":"ListItem","position":2,"name":"Le tr\u00e8fle du Schabziger"}]},{"@type":"WebSite","@id":"https:\/\/schabziger.ch\/fr\/#website","url":"https:\/\/schabziger.ch\/fr\/","name":"Schabziger","description":"Uurw\u00fcrzig guet","potentialAction":[{"@type":"SearchAction","target":{"@type":"EntryPoint","urlTemplate":"https:\/\/schabziger.ch\/fr\/?s={search_term_string}"},"query-input":{"@type":"PropertyValueSpecification","valueRequired":true,"valueName":"search_term_string"}}],"inLanguage":"fr-FR"}]}},"_links":{"self":[{"href":"https:\/\/schabziger.ch\/fr\/wp-json\/wp\/v2\/pages\/1387","targetHints":{"allow":["GET"]}}],"collection":[{"href":"https:\/\/schabziger.ch\/fr\/wp-json\/wp\/v2\/pages"}],"about":[{"href":"https:\/\/schabziger.ch\/fr\/wp-json\/wp\/v2\/types\/page"}],"author":[{"embeddable":true,"href":"https:\/\/schabziger.ch\/fr\/wp-json\/wp\/v2\/users\/1"}],"replies":[{"embeddable":true,"href":"https:\/\/schabziger.ch\/fr\/wp-json\/wp\/v2\/comments?post=1387"}],"version-history":[{"count":8,"href":"https:\/\/schabziger.ch\/fr\/wp-json\/wp\/v2\/pages\/1387\/revisions"}],"predecessor-version":[{"id":1910,"href":"https:\/\/schabziger.ch\/fr\/wp-json\/wp\/v2\/pages\/1387\/revisions\/1910"}],"wp:featuredmedia":[{"embeddable":true,"href":"https:\/\/schabziger.ch\/fr\/wp-json\/wp\/v2\/media\/1274"}],"wp:attachment":[{"href":"https:\/\/schabziger.ch\/fr\/wp-json\/wp\/v2\/media?parent=1387"}],"curies":[{"name":"wp","href":"https:\/\/api.w.org\/{rel}","templated":true}]}}