{"id":1383,"date":"2022-05-09T16:08:35","date_gmt":"2022-05-09T14:08:35","guid":{"rendered":"https:\/\/geska.brandneu.ch\/recettes\/"},"modified":"2026-03-10T11:39:52","modified_gmt":"2026-03-10T10:39:52","slug":"recettes","status":"publish","type":"page","link":"https:\/\/schabziger.ch\/fr\/recettes\/","title":{"rendered":"Recettes"},"content":{"rendered":"\n<h1 class=\"wp-block-heading\">Les d\u00e9lices de la cuisine du Ziger<\/h1>\n\n\n\n<section class=\"white\">\n\t<div class=\"content max\">\n\t\t\t\n\n\n\n<\/div><div class=\"content max posts\" style=\"margin-top:0\"><select oninput=\"location.href = '.\/?C='+this.value\"><option value=\"\">Filtrer selon les cat\u00e9gories<\/option><option value=\"\">Tout afficher<\/option><option  value=\"non-classifiee\">Non classifi\u00e9(e)<\/option><option  value=\"salutations-glaronnaises\">Salutations glaronnaises<\/option><option  value=\"stoeckli-fr\">St\u00f6ckli<\/option><option  value=\"trueffel-stoeckli\">Tr\u00fcffel St\u00f6ckli<\/option><option  value=\"zibu\">Zibu<\/option><\/select>\n\t\t\t<a href=\"https:\/\/schabziger.ch\/fr\/recipe\/medaillons-de-boeuf-au-beurre-aux-herbes-zibu-patates-roties\/\" style=\"\">\t\n\t\t\t\t<figure style=\"background-image:url(https:\/\/schabziger.ch\/wp-content\/uploads\/2026\/03\/2603_GESKA_Zibu-Rezepte_Web_Bilder_3.jpg)\" title=\"M\u00e9daillons de b\u0153uf au beurre aux herbes Zibu &amp; patates r\u00f4ties\"><\/figure>\n\t\t\t<\/a>\n\t\t\n\t\t\t<a href=\"https:\/\/schabziger.ch\/fr\/recipe\/fettuccine-cremeuses-au-zibu-epinards\/\" style=\"\">\t\n\t\t\t\t<figure style=\"background-image:url(https:\/\/schabziger.ch\/wp-content\/uploads\/2026\/03\/2603_GESKA_Zibu-Rezepte_Web_Bilder_2.jpg)\" title=\"Fettuccine cr\u00e9meuses au Zibu &amp; \u00e9pinards\"><\/figure>\n\t\t\t<\/a>\n\t\t\n\t\t\t<a href=\"https:\/\/schabziger.ch\/fr\/recipe\/roules-apero-au-poireau-zibu\/\" style=\"\">\t\n\t\t\t\t<figure style=\"background-image:url(https:\/\/schabziger.ch\/wp-content\/uploads\/2026\/03\/2603_GESKA_Zibu-Rezepte_Web_Bilder_1.jpg)\" title=\"Roul\u00e9s ap\u00e9ro au poireau &amp; Zibu\"><\/figure>\n\t\t\t<\/a>\n\t\t\n\t\t\t<a href=\"https:\/\/schabziger.ch\/fr\/recipe\/gratin-de-gnocchis-glaronnais\/\" style=\"\">\t\n\t\t\t\t<figure style=\"background-image:url(https:\/\/schabziger.ch\/wp-content\/uploads\/2022\/05\/gnocchi_auflauf.jpeg)\" title=\"Gratin de gnocchis glaronnais\"><\/figure>\n\t\t\t<\/a>\n\t\t\n\t\t\t<a href=\"https:\/\/schabziger.ch\/fr\/recipe\/poitrine-de-poulet-farcie-aux-petits-pois-glaronnais\/\" style=\"\">\t\n\t\t\t\t<figure style=\"background-image:url(https:\/\/schabziger.ch\/wp-content\/uploads\/2022\/05\/Poulet-gefu\u0308llt_gebraten-1024x766-1.jpeg)\" title=\"Poitrine de poulet farcie aux petits pois glaronnais\"><\/figure>\n\t\t\t<\/a>\n\t\t\n\t\t\t<a href=\"https:\/\/schabziger.ch\/fr\/recipe\/fettucine-glaronese-all%ca%bc-alfredo\/\" style=\"\">\t\n\t\t\t\t<figure style=\"background-image:url(https:\/\/schabziger.ch\/wp-content\/uploads\/2022\/05\/tagliatelle.jpg)\" title=\"Fettucine glaronese all\u02bc Alfredo\"><\/figure>\n\t\t\t<\/a>\n\t\t\n\t\t\t<a href=\"https:\/\/schabziger.ch\/fr\/recipe\/cornettes-originales\/\" style=\"\">\t\n\t\t\t\t<figure style=\"background-image:url(https:\/\/schabziger.ch\/wp-content\/uploads\/2022\/05\/Zigerho\u0308rnli.jpg)\" title=\"Cornettes originales\"><\/figure>\n\t\t\t<\/a>\n\t\t\n\t\t\t<a href=\"https:\/\/schabziger.ch\/fr\/recipe\/boulettes-de-couscous-avec-dip-au-serac\/\" style=\"\">\t\n\t\t\t\t<figure style=\"background-image:url(https:\/\/schabziger.ch\/wp-content\/uploads\/2022\/05\/Couscous.jpg)\" title=\"Boulettes de couscous avec dip au s\u00e9rac\"><\/figure>\n\t\t\t<\/a>\n\t\t\n\t\t\t<a href=\"https:\/\/schabziger.ch\/fr\/recipe\/medaillons-de-boeuf-avec-pommes-de-terre-sautees-et-legumes\/\" style=\"\">\t\n\t\t\t\t<figure style=\"background-image:url(https:\/\/schabziger.ch\/wp-content\/uploads\/2022\/05\/rinds-medaillons-bratkartoffeln.jpeg)\" title=\"M\u00e9daillons de b\u0153uf avec pommes de terre saut\u00e9es et l\u00e9gumes\"><\/figure>\n\t\t\t<\/a>\n\t\t\n\t\t\t<a href=\"https:\/\/schabziger.ch\/fr\/recipe\/soupe-de-pommes-de-terre-et-roquette\/\" style=\"\">\t\n\t\t\t\t<figure style=\"background-image:url(https:\/\/schabziger.ch\/wp-content\/uploads\/2022\/05\/kartoffelrucolasuppe03-1200x799-1.jpg)\" title=\"Soupe de pommes de terre et roquette aux truffes\"><\/figure>\n\t\t\t<\/a>\n\t\t\n\t\t\t<a href=\"https:\/\/schabziger.ch\/fr\/recipe\/lasagne-bolognaise-avec-sauce-bechamel-a-la-truffe\/\" style=\"\">\t\n\t\t\t\t<figure style=\"background-image:url(https:\/\/schabziger.ch\/wp-content\/uploads\/2022\/05\/rezept-lasagne-mit-Trueffel-bechamel-service.jpg)\" title=\"Lasagne bolognaise avec sauce b\u00e9chamel \u00e0 la truffe\"><\/figure>\n\t\t\t<\/a>\n\t\t\n\t\t\t<a href=\"https:\/\/schabziger.ch\/fr\/recipe\/empanadas-avec-une-farce-epicee\/\" style=\"\">\t\n\t\t\t\t<figure style=\"background-image:url(https:\/\/schabziger.ch\/wp-content\/uploads\/2022\/05\/empanadas_glarner-grueessli.jpg)\" title=\"Empanadas avec une farce \u00e9pic\u00e9e\"><\/figure>\n\t\t\t<\/a>\n\t\t\n\t\t\t<a href=\"https:\/\/schabziger.ch\/fr\/recipe\/risotto-aux-asperges-et-aux-vertes-de-glaris\/\" style=\"\">\t\n\t\t\t\t<figure style=\"background-image:url(https:\/\/schabziger.ch\/wp-content\/uploads\/2022\/05\/spargelrisotto.jpg)\" title=\"Risotto aux asperges et aux vertes de Glaris\"><\/figure>\n\t\t\t<\/a>\n\t\t\n\t\t\t<a href=\"https:\/\/schabziger.ch\/fr\/recipe\/asperges-avec-sauce-glaronaise\/\" style=\"\">\t\n\t\t\t\t<figure style=\"background-image:url(https:\/\/schabziger.ch\/wp-content\/uploads\/2022\/05\/spargeln_mit_sauce_glaronaise.jpg)\" title=\"Asperges avec sauce \u00ab\u00a0Glaronaise\"><\/figure>\n\t\t\t<\/a>\n\t\t\n\t\t\t<a href=\"https:\/\/schabziger.ch\/fr\/recipe\/gazpacho-glaronnais\/\" style=\"\">\t\n\t\t\t\t<figure style=\"background-image:url(https:\/\/schabziger.ch\/wp-content\/uploads\/2022\/05\/Glarner_Gazpacho_schabziger_tomate.jpg)\" title=\"Gazpacho glaronnais\"><\/figure>\n\t\t\t<\/a>\n\t\t\n\t\t\t<a href=\"https:\/\/schabziger.ch\/fr\/recipe\/quenelles-de-pommes-de-terre-au-beurre-de-schabziger-et-ail-des-ours\/\" style=\"\">\t\n\t\t\t\t<figure style=\"background-image:url(https:\/\/schabziger.ch\/wp-content\/uploads\/2022\/05\/kartoffelknoedel_8.jpg)\" title=\"Quenelles de pommes de terre au beurre de schabziger et ail des ours\"><\/figure>\n\t\t\t<\/a>\n\t\t\n\t\t\t<a href=\"https:\/\/schabziger.ch\/fr\/recipe\/gratin-de-gnocchis-aere-avec-des-legumes-verts-glaronnais\/\" style=\"\">\t\n\t\t\t\t<figure style=\"background-image:url(https:\/\/schabziger.ch\/wp-content\/uploads\/2022\/05\/rezepte_schabziger-gnocchi-auflauf.jpg)\" title=\"Gratin de gnocchis a\u00e9r\u00e9 avec des l\u00e9gumes verts glaronnais\"><\/figure>\n\t\t\t<\/a>\n\t\t\n\t\t\t<a href=\"https:\/\/schabziger.ch\/fr\/recipe\/tarte-flambee-aux-legumes-et-au-feta-schabziger\/\" style=\"\">\t\n\t\t\t\t<figure style=\"background-image:url(https:\/\/schabziger.ch\/wp-content\/uploads\/2022\/05\/rezepte_flammkuchen.jpg)\" title=\"Tarte flamb\u00e9e aux l\u00e9gumes et au feta schabziger\"><\/figure>\n\t\t\t<\/a>\n\t\t\n\t\t\t<a href=\"https:\/\/schabziger.ch\/fr\/recipe\/salade-verte-avec-gruessli-mousse\/\" style=\"\">\t\n\t\t\t\t<figure style=\"background-image:url(https:\/\/schabziger.ch\/wp-content\/uploads\/2022\/05\/blattsalat-gruessli-mousse.jpg)\" title=\"Salade verte avec \u00ab\u00a0Gr\u00fcessli mousse\"><\/figure>\n\t\t\t<\/a>\n\t\t\n\t\t\t<a href=\"https:\/\/schabziger.ch\/fr\/recipe\/sauce-a-salade-au-schabziger\/\" style=\"\">\t\n\t\t\t\t<figure style=\"background-image:url(https:\/\/schabziger.ch\/wp-content\/uploads\/2022\/05\/rezept-schaziger-salatsauce-blog.jpg)\" title=\"Sauce \u00e0 salade au schabziger\"><\/figure>\n\t\t\t<\/a>\n\t\t\n\t\t\t<a href=\"https:\/\/schabziger.ch\/fr\/recipe\/legumes-au-schabziger-en-rondelles-de-pommes-de-terre-et-de-carottes\/\" style=\"\">\t\n\t\t\t\t<figure style=\"background-image:url(https:\/\/schabziger.ch\/wp-content\/uploads\/2022\/05\/rezept-kartoffelringe-blog.jpg)\" title=\"L\u00e9gumes au schabziger en rondelles de pommes de terre et de carottes\"><\/figure>\n\t\t\t<\/a>\n\t\t\n\t\t\t<a href=\"https:\/\/schabziger.ch\/fr\/recipe\/roulade-au-schabziger\/\" style=\"\">\t\n\t\t\t\t<figure style=\"background-image:url(https:\/\/schabziger.ch\/wp-content\/uploads\/2022\/05\/rezept-spinat-roulade-schabziger-blog.jpg)\" title=\"Roulade au schabziger\"><\/figure>\n\t\t\t<\/a>\n\t\t\n\t\t\t<a href=\"https:\/\/schabziger.ch\/fr\/recipe\/quiche-a-la-courge-et-au-schabziger\/\" style=\"\">\t\n\t\t\t\t<figure style=\"background-image:url(https:\/\/schabziger.ch\/wp-content\/uploads\/2022\/05\/kuerbisquiche.jpg)\" title=\"Quiche \u00e0 la courge et au schabziger\"><\/figure>\n\t\t\t<\/a>\n\t\t\n\t\t\t<a href=\"https:\/\/schabziger.ch\/fr\/recipe\/puree-de-pommes-de-terre-vertes-avec-ragout-de-legumes-et-de-champignons\/\" style=\"\">\t\n\t\t\t\t<figure style=\"background-image:url(https:\/\/schabziger.ch\/wp-content\/uploads\/2022\/05\/full-rezepte_ziger-pilzragout.jpg)\" title=\"Pur\u00e9e de pommes de terre vertes avec rago\u00fbt de l\u00e9gumes et de champignons\"><\/figure>\n\t\t\t<\/a>\n\t\t\n\t\t\t<a href=\"https:\/\/schabziger.ch\/fr\/recipe\/lasagnes-de-courge-farcies-au-celeri-et-au-schabziger\/\" style=\"\">\t\n\t\t\t\t<figure style=\"background-image:url(https:\/\/schabziger.ch\/wp-content\/uploads\/2022\/05\/schabziger-kuerbis-lasagne.jpg)\" title=\"Lasagnes de courge farcies au c\u00e9leri et au schabziger\"><\/figure>\n\t\t\t<\/a>\n\t\t\n\t\t\t<a href=\"https:\/\/schabziger.ch\/fr\/recipe\/raviolis-fourres-au-schabziger-et-au-chou\/\" style=\"\">\t\n\t\t\t\t<figure style=\"background-image:url(https:\/\/schabziger.ch\/wp-content\/uploads\/2022\/05\/schabziger-ravioli.jpg)\" title=\"Raviolis fourr\u00e9s au schabziger et au chou\"><\/figure>\n\t\t\t<\/a>\n\t\t\n\t\t\t<a href=\"https:\/\/schabziger.ch\/fr\/recipe\/soupe-glaronnaise\/\" style=\"\">\t\n\t\t\t\t<figure style=\"background-image:url(https:\/\/schabziger.ch\/wp-content\/uploads\/2022\/05\/glarnersuppe-schabziger.jpg)\" title=\"Soupe glaronnaise\"><\/figure>\n\t\t\t<\/a>\n\t\t\n\t\t\t<a href=\"https:\/\/schabziger.ch\/fr\/recipe\/filet-dagneau-roti-au-pesto-de-schabziger\/\" style=\"\">\t\n\t\t\t\t<figure style=\"background-image:url(https:\/\/schabziger.ch\/wp-content\/uploads\/2022\/05\/rezept-schabziger-pesto-blog.jpg)\" title=\"Filet d&rsquo;agneau r\u00f4ti au pesto de schabziger\"><\/figure>\n\t\t\t<\/a>\n\t\t\n\t\t\t<a href=\"https:\/\/schabziger.ch\/fr\/recipe\/fondue-au-schabziger-glaronnais\/\" style=\"\">\t\n\t\t\t\t<figure style=\"background-image:url(https:\/\/schabziger.ch\/wp-content\/uploads\/2022\/05\/glarner_schabziger-fondue.jpg)\" title=\"Fondue au schabziger glaronnais\"><\/figure>\n\t\t\t<\/a>\n\t\t\n\t\t\t<a href=\"https:\/\/schabziger.ch\/fr\/recipe\/pizokel-au-serac-avec-salsiz-et-morceaux-de-pomme\/\" style=\"\">\t\n\t\t\t\t<figure style=\"background-image:url(https:\/\/schabziger.ch\/wp-content\/uploads\/2022\/05\/rezept-schaziger-pizokel-blog.jpg)\" title=\"Pizokel au s\u00e9rac avec salsiz et morceaux de pomme\"><\/figure>\n\t\t\t<\/a>\n\t\t\n\t\t\t<a href=\"https:\/\/schabziger.ch\/fr\/recipe\/paquets-de-chou-farcis-a-lorge-et-aux-figues\/\" style=\"\">\t\n\t\t\t\t<figure style=\"background-image:url(https:\/\/schabziger.ch\/wp-content\/uploads\/2022\/05\/wirzbaellchen_pf.jpg)\" title=\"Paquets de chou farcis \u00e0 l&rsquo;orge et aux figues\"><\/figure>\n\t\t\t<\/a>\n\t\t\n\t\t\t<a href=\"https:\/\/schabziger.ch\/fr\/recipe\/feuilletes-farcis-au-chou-rave-et-au-poireau\/\" style=\"\">\t\n\t\t\t\t<figure style=\"background-image:url(https:\/\/schabziger.ch\/wp-content\/uploads\/2022\/05\/schabziger-teigtaschen-lauch-kohlrabi_blog.jpg)\" title=\"Feuillet\u00e9s farcis au chou-rave et au poireau\"><\/figure>\n\t\t\t<\/a>\n\t\t\n\t\t\t<a href=\"https:\/\/schabziger.ch\/fr\/recipe\/spaghetti-de-betterave-rouge-avec-sauce-au-schabziger\/\" style=\"\">\t\n\t\t\t\t<figure style=\"background-image:url(https:\/\/schabziger.ch\/wp-content\/uploads\/2022\/05\/rezept-spaghetti-randen-blog.jpg)\" title=\"Spaghetti de betterave rouge avec sauce au schabziger et chili\"><\/figure>\n\t\t\t<\/a>\n\t\t\n\t\t\t<a href=\"https:\/\/schabziger.ch\/fr\/recipe\/tagliatelle-au-pesto-de-noix-et-au-brocoli\/\" style=\"\">\t\n\t\t\t\t<figure style=\"background-image:url(https:\/\/schabziger.ch\/wp-content\/uploads\/2022\/05\/tagliatelle_nusspesto_schabziger_front.jpg)\" title=\"Tagliatelle au pesto de noix et au brocoli\"><\/figure>\n\t\t\t<\/a>\n\t\t\n\t\t\t<a href=\"https:\/\/schabziger.ch\/fr\/recipe\/gateau-aux-epinards\/\" style=\"\">\t\n\t\t\t\t<figure style=\"background-image:url(https:\/\/schabziger.ch\/wp-content\/uploads\/2022\/05\/full-rezepte_schabziger-spinatkuchen.jpg)\" title=\"G\u00e2teau aux \u00e9pinards\"><\/figure>\n\t\t\t<\/a>\n\t\t\n\t\t\t<a href=\"https:\/\/schabziger.ch\/fr\/recipe\/knopfli-au-serac-spatzli-au-serac\/\" style=\"\">\t\n\t\t\t\t<figure style=\"background-image:url(https:\/\/schabziger.ch\/wp-content\/uploads\/2022\/05\/schaziger-knoepfli-pf.jpg)\" title=\"Kn\u00f6pfli au s\u00e9rac &#8211; Sp\u00e4tzli au s\u00e9rac\"><\/figure>\n\t\t\t<\/a>\n\t\t\n\t\t\t<a href=\"https:\/\/schabziger.ch\/fr\/recipe\/polenta-glaronnaise-avec-des-petits-pains-au-cidre\/\" style=\"\">\t\n\t\t\t\t<figure style=\"background-image:url(https:\/\/schabziger.ch\/wp-content\/uploads\/2022\/05\/glarner-polenta.jpg)\" title=\"Polenta glaronnaise avec des petits pains au cidre\"><\/figure>\n\t\t\t<\/a>\n\t\t\n\t\t\t<a href=\"https:\/\/schabziger.ch\/fr\/recipe\/sandre-en-croute-de-schabziger-et-damandes\/\" style=\"\">\t\n\t\t\t\t<figure style=\"background-image:url(https:\/\/schabziger.ch\/wp-content\/uploads\/2022\/04\/zanderfilet_schabziger_pic-600x800-1.jpeg)\" title=\"Sandre en cro\u00fbte de schabziger et d&rsquo;amandes\"><\/figure>\n\t\t\t<\/a>\n\t\t\n","protected":false},"excerpt":{"rendered":"<p>Les d\u00e9lices de la cuisine du Ziger<\/p>\n","protected":false},"author":1,"featured_media":1256,"parent":0,"menu_order":5,"comment_status":"closed","ping_status":"closed","template":"","meta":{"_acf_changed":false,"inline_featured_image":false,"footnotes":""},"class_list":["post-1383","page","type-page","status-publish","has-post-thumbnail","hentry"],"acf":[],"yoast_head":"<!-- This site is optimized with the Yoast SEO plugin v27.5 - https:\/\/yoast.com\/product\/yoast-seo-wordpress\/ -->\n<title>Recettes - Schabziger<\/title>\n<meta name=\"description\" content=\"Il existe de nombreuses recettes d\u00e9licieuses avec notre schabziger glaronnais. Vous trouverez ici une s\u00e9lection savoureuse.\" \/>\n<meta name=\"robots\" content=\"index, follow, max-snippet:-1, max-image-preview:large, max-video-preview:-1\" \/>\n<link rel=\"canonical\" href=\"https:\/\/schabziger.ch\/fr\/recettes\/\" \/>\n<meta property=\"og:locale\" content=\"fr_FR\" \/>\n<meta property=\"og:type\" content=\"article\" \/>\n<meta property=\"og:title\" content=\"Recettes - Schabziger\" \/>\n<meta property=\"og:description\" content=\"Il existe de nombreuses recettes d\u00e9licieuses avec notre schabziger glaronnais. Vous trouverez ici une s\u00e9lection savoureuse.\" \/>\n<meta property=\"og:url\" content=\"https:\/\/schabziger.ch\/fr\/recettes\/\" \/>\n<meta property=\"og:site_name\" content=\"Schabziger\" \/>\n<meta property=\"article:modified_time\" content=\"2026-03-10T10:39:52+00:00\" \/>\n<meta property=\"og:image\" content=\"https:\/\/schabziger.ch\/wp-content\/uploads\/2022\/05\/gsz_00_header_rezepte-scaled.jpg\" \/>\n\t<meta property=\"og:image:width\" content=\"2560\" \/>\n\t<meta property=\"og:image:height\" content=\"853\" \/>\n\t<meta property=\"og:image:type\" content=\"image\/jpeg\" \/>\n<meta name=\"twitter:card\" content=\"summary_large_image\" \/>\n<meta name=\"twitter:label1\" content=\"Dur\u00e9e de lecture estim\u00e9e\" \/>\n\t<meta name=\"twitter:data1\" content=\"1 minute\" \/>\n<script type=\"application\/ld+json\" class=\"yoast-schema-graph\">{\"@context\":\"https:\\\/\\\/schema.org\",\"@graph\":[{\"@type\":\"WebPage\",\"@id\":\"https:\\\/\\\/schabziger.ch\\\/fr\\\/recettes\\\/\",\"url\":\"https:\\\/\\\/schabziger.ch\\\/fr\\\/recettes\\\/\",\"name\":\"Recettes - Schabziger\",\"isPartOf\":{\"@id\":\"https:\\\/\\\/schabziger.ch\\\/fr\\\/#website\"},\"primaryImageOfPage\":{\"@id\":\"https:\\\/\\\/schabziger.ch\\\/fr\\\/recettes\\\/#primaryimage\"},\"image\":{\"@id\":\"https:\\\/\\\/schabziger.ch\\\/fr\\\/recettes\\\/#primaryimage\"},\"thumbnailUrl\":\"https:\\\/\\\/schabziger.ch\\\/wp-content\\\/uploads\\\/2022\\\/05\\\/gsz_00_header_rezepte-scaled.jpg\",\"datePublished\":\"2022-05-09T14:08:35+00:00\",\"dateModified\":\"2026-03-10T10:39:52+00:00\",\"description\":\"Il existe de nombreuses recettes d\u00e9licieuses avec notre schabziger glaronnais. Vous trouverez ici une s\u00e9lection savoureuse.\",\"breadcrumb\":{\"@id\":\"https:\\\/\\\/schabziger.ch\\\/fr\\\/recettes\\\/#breadcrumb\"},\"inLanguage\":\"fr-FR\",\"potentialAction\":[{\"@type\":\"ReadAction\",\"target\":[\"https:\\\/\\\/schabziger.ch\\\/fr\\\/recettes\\\/\"]}]},{\"@type\":\"ImageObject\",\"inLanguage\":\"fr-FR\",\"@id\":\"https:\\\/\\\/schabziger.ch\\\/fr\\\/recettes\\\/#primaryimage\",\"url\":\"https:\\\/\\\/schabziger.ch\\\/wp-content\\\/uploads\\\/2022\\\/05\\\/gsz_00_header_rezepte-scaled.jpg\",\"contentUrl\":\"https:\\\/\\\/schabziger.ch\\\/wp-content\\\/uploads\\\/2022\\\/05\\\/gsz_00_header_rezepte-scaled.jpg\",\"width\":2560,\"height\":853},{\"@type\":\"BreadcrumbList\",\"@id\":\"https:\\\/\\\/schabziger.ch\\\/fr\\\/recettes\\\/#breadcrumb\",\"itemListElement\":[{\"@type\":\"ListItem\",\"position\":1,\"name\":\"Startseite\",\"item\":\"https:\\\/\\\/schabziger.ch\\\/fr\\\/\"},{\"@type\":\"ListItem\",\"position\":2,\"name\":\"Recettes\"}]},{\"@type\":\"WebSite\",\"@id\":\"https:\\\/\\\/schabziger.ch\\\/fr\\\/#website\",\"url\":\"https:\\\/\\\/schabziger.ch\\\/fr\\\/\",\"name\":\"Schabziger\",\"description\":\"Uurw\u00fcrzig guet\",\"potentialAction\":[{\"@type\":\"SearchAction\",\"target\":{\"@type\":\"EntryPoint\",\"urlTemplate\":\"https:\\\/\\\/schabziger.ch\\\/fr\\\/?s={search_term_string}\"},\"query-input\":{\"@type\":\"PropertyValueSpecification\",\"valueRequired\":true,\"valueName\":\"search_term_string\"}}],\"inLanguage\":\"fr-FR\"}]}<\/script>\n<!-- \/ Yoast SEO plugin. -->","yoast_head_json":{"title":"Recettes - Schabziger","description":"Il existe de nombreuses recettes d\u00e9licieuses avec notre schabziger glaronnais. Vous trouverez ici une s\u00e9lection savoureuse.","robots":{"index":"index","follow":"follow","max-snippet":"max-snippet:-1","max-image-preview":"max-image-preview:large","max-video-preview":"max-video-preview:-1"},"canonical":"https:\/\/schabziger.ch\/fr\/recettes\/","og_locale":"fr_FR","og_type":"article","og_title":"Recettes - Schabziger","og_description":"Il existe de nombreuses recettes d\u00e9licieuses avec notre schabziger glaronnais. Vous trouverez ici une s\u00e9lection savoureuse.","og_url":"https:\/\/schabziger.ch\/fr\/recettes\/","og_site_name":"Schabziger","article_modified_time":"2026-03-10T10:39:52+00:00","og_image":[{"width":2560,"height":853,"url":"https:\/\/schabziger.ch\/wp-content\/uploads\/2022\/05\/gsz_00_header_rezepte-scaled.jpg","type":"image\/jpeg"}],"twitter_card":"summary_large_image","twitter_misc":{"Dur\u00e9e de lecture estim\u00e9e":"1 minute"},"schema":{"@context":"https:\/\/schema.org","@graph":[{"@type":"WebPage","@id":"https:\/\/schabziger.ch\/fr\/recettes\/","url":"https:\/\/schabziger.ch\/fr\/recettes\/","name":"Recettes - Schabziger","isPartOf":{"@id":"https:\/\/schabziger.ch\/fr\/#website"},"primaryImageOfPage":{"@id":"https:\/\/schabziger.ch\/fr\/recettes\/#primaryimage"},"image":{"@id":"https:\/\/schabziger.ch\/fr\/recettes\/#primaryimage"},"thumbnailUrl":"https:\/\/schabziger.ch\/wp-content\/uploads\/2022\/05\/gsz_00_header_rezepte-scaled.jpg","datePublished":"2022-05-09T14:08:35+00:00","dateModified":"2026-03-10T10:39:52+00:00","description":"Il existe de nombreuses recettes d\u00e9licieuses avec notre schabziger glaronnais. Vous trouverez ici une s\u00e9lection savoureuse.","breadcrumb":{"@id":"https:\/\/schabziger.ch\/fr\/recettes\/#breadcrumb"},"inLanguage":"fr-FR","potentialAction":[{"@type":"ReadAction","target":["https:\/\/schabziger.ch\/fr\/recettes\/"]}]},{"@type":"ImageObject","inLanguage":"fr-FR","@id":"https:\/\/schabziger.ch\/fr\/recettes\/#primaryimage","url":"https:\/\/schabziger.ch\/wp-content\/uploads\/2022\/05\/gsz_00_header_rezepte-scaled.jpg","contentUrl":"https:\/\/schabziger.ch\/wp-content\/uploads\/2022\/05\/gsz_00_header_rezepte-scaled.jpg","width":2560,"height":853},{"@type":"BreadcrumbList","@id":"https:\/\/schabziger.ch\/fr\/recettes\/#breadcrumb","itemListElement":[{"@type":"ListItem","position":1,"name":"Startseite","item":"https:\/\/schabziger.ch\/fr\/"},{"@type":"ListItem","position":2,"name":"Recettes"}]},{"@type":"WebSite","@id":"https:\/\/schabziger.ch\/fr\/#website","url":"https:\/\/schabziger.ch\/fr\/","name":"Schabziger","description":"Uurw\u00fcrzig guet","potentialAction":[{"@type":"SearchAction","target":{"@type":"EntryPoint","urlTemplate":"https:\/\/schabziger.ch\/fr\/?s={search_term_string}"},"query-input":{"@type":"PropertyValueSpecification","valueRequired":true,"valueName":"search_term_string"}}],"inLanguage":"fr-FR"}]}},"_links":{"self":[{"href":"https:\/\/schabziger.ch\/fr\/wp-json\/wp\/v2\/pages\/1383","targetHints":{"allow":["GET"]}}],"collection":[{"href":"https:\/\/schabziger.ch\/fr\/wp-json\/wp\/v2\/pages"}],"about":[{"href":"https:\/\/schabziger.ch\/fr\/wp-json\/wp\/v2\/types\/page"}],"author":[{"embeddable":true,"href":"https:\/\/schabziger.ch\/fr\/wp-json\/wp\/v2\/users\/1"}],"replies":[{"embeddable":true,"href":"https:\/\/schabziger.ch\/fr\/wp-json\/wp\/v2\/comments?post=1383"}],"version-history":[{"count":3,"href":"https:\/\/schabziger.ch\/fr\/wp-json\/wp\/v2\/pages\/1383\/revisions"}],"predecessor-version":[{"id":4500,"href":"https:\/\/schabziger.ch\/fr\/wp-json\/wp\/v2\/pages\/1383\/revisions\/4500"}],"wp:featuredmedia":[{"embeddable":true,"href":"https:\/\/schabziger.ch\/fr\/wp-json\/wp\/v2\/media\/1256"}],"wp:attachment":[{"href":"https:\/\/schabziger.ch\/fr\/wp-json\/wp\/v2\/media?parent=1383"}],"curies":[{"name":"wp","href":"https:\/\/api.w.org\/{rel}","templated":true}]}}