{"id":1372,"date":"2022-04-08T16:14:37","date_gmt":"2022-04-08T14:14:37","guid":{"rendered":"https:\/\/geska.brandneu.ch\/page-daccueil\/"},"modified":"2025-09-04T18:17:11","modified_gmt":"2025-09-04T16:17:11","slug":"page-daccueil","status":"publish","type":"page","link":"https:\/\/schabziger.ch\/fr\/page-daccueil\/","title":{"rendered":"Page d&rsquo;accueil"},"content":{"rendered":"\n<figure class=\"wp-block-image size-full\"><img loading=\"lazy\" decoding=\"async\" width=\"2560\" height=\"1067\" src=\"https:\/\/schabziger.ch\/wp-content\/uploads\/2025\/09\/2509_Geska_Website_Header_1920x800px_Rueckblick_ESAF_FR-scaled.jpg\" alt=\"\" class=\"wp-image-3987\" srcset=\"https:\/\/schabziger.ch\/wp-content\/uploads\/2025\/09\/2509_Geska_Website_Header_1920x800px_Rueckblick_ESAF_FR-scaled.jpg 2560w, https:\/\/schabziger.ch\/wp-content\/uploads\/2025\/09\/2509_Geska_Website_Header_1920x800px_Rueckblick_ESAF_FR-300x125.jpg 300w, https:\/\/schabziger.ch\/wp-content\/uploads\/2025\/09\/2509_Geska_Website_Header_1920x800px_Rueckblick_ESAF_FR-1024x427.jpg 1024w, https:\/\/schabziger.ch\/wp-content\/uploads\/2025\/09\/2509_Geska_Website_Header_1920x800px_Rueckblick_ESAF_FR-768x320.jpg 768w, https:\/\/schabziger.ch\/wp-content\/uploads\/2025\/09\/2509_Geska_Website_Header_1920x800px_Rueckblick_ESAF_FR-1536x640.jpg 1536w, https:\/\/schabziger.ch\/wp-content\/uploads\/2025\/09\/2509_Geska_Website_Header_1920x800px_Rueckblick_ESAF_FR-2048x854.jpg 2048w\" sizes=\"auto, (max-width: 2560px) 100vw, 2560px\" \/><\/figure>\n\n\n\n<figure class=\"wp-block-image size-full ah-img-display-fullwidth ah-img-display-mobile\"><img loading=\"lazy\" decoding=\"async\" width=\"1988\" height=\"2560\" src=\"https:\/\/schabziger.ch\/wp-content\/uploads\/2025\/09\/2509_Geska_Website_Header_Mobile_1242x1600px_Rueckblick_ESAF_FR-scaled.jpg\" alt=\"\" class=\"wp-image-3996\" srcset=\"https:\/\/schabziger.ch\/wp-content\/uploads\/2025\/09\/2509_Geska_Website_Header_Mobile_1242x1600px_Rueckblick_ESAF_FR-scaled.jpg 1988w, https:\/\/schabziger.ch\/wp-content\/uploads\/2025\/09\/2509_Geska_Website_Header_Mobile_1242x1600px_Rueckblick_ESAF_FR-233x300.jpg 233w, https:\/\/schabziger.ch\/wp-content\/uploads\/2025\/09\/2509_Geska_Website_Header_Mobile_1242x1600px_Rueckblick_ESAF_FR-795x1024.jpg 795w, https:\/\/schabziger.ch\/wp-content\/uploads\/2025\/09\/2509_Geska_Website_Header_Mobile_1242x1600px_Rueckblick_ESAF_FR-768x989.jpg 768w, https:\/\/schabziger.ch\/wp-content\/uploads\/2025\/09\/2509_Geska_Website_Header_Mobile_1242x1600px_Rueckblick_ESAF_FR-1193x1536.jpg 1193w, https:\/\/schabziger.ch\/wp-content\/uploads\/2025\/09\/2509_Geska_Website_Header_Mobile_1242x1600px_Rueckblick_ESAF_FR-1590x2048.jpg 1590w\" sizes=\"auto, (max-width: 1988px) 100vw, 1988px\" \/><\/figure>\n\n\n\n<section class=\"white\">\n\t<div class=\"content max\">\n\t\t\t\n\n\n\n\n<h2 class=\"wp-block-heading\">Le meilleur du pays de glaris<\/h2>\n\n\n<div id=\"fwdr3dcovDiv0\"><\/div><div id=\"fwdr3dcovPlaylistProdukte\" class=\"fwdr3dcov-gallery\"><div data-cat=\"Produkte\"><ul><li data-rl-src=\"link:https:\/\/schabziger.ch\/produkte\" data-rl-target=\"_self\"><\/li><li data-thumb-src=\"https:\/\/schabziger.ch\/wp-content\/uploads\/2025\/10\/Wuerz-Mi_RGB-1-scaled.png\"><\/li><\/ul><ul><li data-rl-src=\"link:https:\/\/schabziger.ch\/produkte\" data-rl-target=\"_self\"><\/li><li data-thumb-src=\"https:\/\/schabziger.ch\/wp-content\/uploads\/2025\/10\/Glarissa_RGB.png\"><\/li><\/ul><ul><li data-rl-src=\"link:https:\/\/schabziger.ch\/produkte\" data-rl-target=\"_self\"><\/li><li data-thumb-src=\"https:\/\/schabziger.ch\/wp-content\/uploads\/2025\/10\/Zigerbutter_RGB-scaled.png\"><\/li><\/ul><ul><li data-rl-src=\"link:https:\/\/schabziger.ch\/produkte\" data-rl-target=\"_self\"><\/li><li data-thumb-src=\"https:\/\/schabziger.ch\/wp-content\/uploads\/2025\/10\/Zibu_CMYK-scaled.png\"><\/li><\/ul><ul><li data-rl-src=\"link:https:\/\/schabziger.ch\/produkte\" data-rl-target=\"_self\"><\/li><li data-thumb-src=\"https:\/\/schabziger.ch\/wp-content\/uploads\/2025\/04\/Gewuerz_Reibkease_RGB-2-scaled.png\"><\/li><\/ul><ul><li data-rl-src=\"link:https:\/\/schabziger.ch\/produkte\" data-rl-target=\"_self\"><\/li><li data-thumb-src=\"https:\/\/schabziger.ch\/wp-content\/uploads\/2025\/10\/Stoeckli_RGB-scaled.png\"><\/li><\/ul><ul><li data-rl-src=\"link:https:\/\/schabziger.ch\/produkte\" data-rl-target=\"_self\"><\/li><li data-thumb-src=\"https:\/\/schabziger.ch\/wp-content\/uploads\/2025\/10\/Gruessli_RGB-scaled.png\"><\/li><\/ul><ul><li data-rl-src=\"link:https:\/\/schabziger.ch\/produkte\" data-rl-target=\"_self\"><\/li><li data-thumb-src=\"https:\/\/schabziger.ch\/wp-content\/uploads\/2025\/04\/Stoeckli_Chili_RGB-1.png\"><\/li><\/ul><ul><li data-rl-src=\"link:https:\/\/schabziger.ch\/produkte\" data-rl-target=\"_self\"><\/li><li data-thumb-src=\"https:\/\/schabziger.ch\/wp-content\/uploads\/2025\/04\/Stoeckli_Trueffel_RGB-2.png\"><\/li><\/ul><ul><li data-rl-src=\"link:https:\/\/schabziger.ch\/angebot-duo\/\" data-rl-target=\"_blank\"><\/li><li data-thumb-src=\"https:\/\/schabziger.ch\/wp-content\/uploads\/2025\/10\/Mockup_Schabziger_Trueffel_Karussell.png\"><\/li><\/ul><ul><li data-rl-src=\"link:https:\/\/schabziger.ch\/angebot-duo\/\" data-rl-target=\"_blank\"><\/li><li data-thumb-src=\"https:\/\/schabziger.ch\/wp-content\/uploads\/2023\/09\/Mockup_Chili_Trueffel_1160x800-1.png\"><\/li><\/ul><\/div><\/div>\n\n\n<\/div><\/section>\n<section class=\"gris\">\n\t<div class=\"content max\">\n\t\t\t\n\n\n\n\n<h1 class=\"wp-block-heading\">Recettes <a href=\"https:\/\/schabziger.ch\/fr\/recettes\/\">Toutes les recettes &gt;<\/a> <\/h1>\n\n\n<\/div><div class=\"content max posts\">\n\t\t\t<a style=\"background:none\">\t\n\t\t\t\t<figure style=\"background:url(\/wp-content\/uploads\/2023\/04\/Rezept_FRZ.svg);background-size:contain;background-repeat: no-repeat;\"><\/figure>\n\t\t\t<\/a>\n\t\t\n\t\t\t<a href=\"https:\/\/schabziger.ch\/fr\/recipe\/legumes-au-schabziger-en-rondelles-de-pommes-de-terre-et-de-carottes\/\" style=\"\">\t\n\t\t\t\t<figure style=\"background-image:url(https:\/\/schabziger.ch\/wp-content\/uploads\/2022\/05\/rezept-kartoffelringe-blog.jpg)\" title=\"L\u00e9gumes au schabziger en rondelles de pommes de terre et de carottes\"><\/figure>\n\t\t\t<\/a>\n\t\t\n\t\t\t<a href=\"https:\/\/schabziger.ch\/fr\/recipe\/soupe-glaronnaise\/\" style=\"\">\t\n\t\t\t\t<figure style=\"background-image:url(https:\/\/schabziger.ch\/wp-content\/uploads\/2022\/05\/glarnersuppe-schabziger.jpg)\" title=\"Soupe glaronnaise\"><\/figure>\n\t\t\t<\/a>\n\t\t\n\n\n<\/div><\/section><section class=\"green\">\n\t<div class=\"content max blob\">\n\t\t<img decoding=\"async\" src=\"https:\/\/schabziger.ch\/wp-content\/uploads\/2022\/05\/gsz_02_portrait_slideshow_geschichte_1.jpeg\" alt=\"\">\n\t\t<span>\n\t\t\t<h2>L&rsquo;histoire du schabziger<\/h2>\n\t\t\t<span class=\"white\">\n\t\t\t\t<p>Le Glarner Schabziger a une histoire de plus de mille ans. Du 8e si\u00e8cle \u00e0 1395, le pays glaronnais \u00e9tait la propri\u00e9t\u00e9 du monast\u00e8re de S\u00e4ckingen.<\/p>\n<p><a href=\"https:\/\/schabziger.ch\/fr\/portrait\/\">Voir toute l&rsquo;histoire<\/a><\/p>\n\t\t\t<\/span>\n\t\t<\/span>\n\t<\/div>\n\t<div class=\"content max\">\n\n\n\n<\/div><\/section>\n<section class=\"gris\">\n\t<div class=\"content max\">\n\t\t\t\n\n\n\n\n<h1 class=\"wp-block-heading\">Actualit\u00e9s <a href=\"https:\/\/schabziger.ch\/fr\/actualites\/\">Toutes les actualit\u00e9s &gt;<\/a> <\/h1>\n\n\n<\/div><div class=\"content max posts\" style=\"margin-top:0\"><select oninput=\"location.href = '\/news\/?Y='+this.value\"><option value=\"\">Filtrer selon les ann\u00e9es<\/option><option value=\"\">Tout afficher<\/option><option >2026<\/option><option >2025<\/option><option >2024<\/option><option >2023<\/option><option >2022<\/option><option >2021<\/option><option >2020<\/option><option >2019<\/option><option >2018<\/option><option >2017<\/option><option >2016<\/option><\/select><\/div><div class=\"content max posts m4\">\n\t\t\t<a href=\"https:\/\/schabziger.ch\/fr\/zibu-pour-leternite\/\" style=\"grid-column: 1 \/ 3\" class=\"\">\n\t\t\t\t<figure style=\"background-image:url(https:\/\/schabziger.ch\/wp-content\/uploads\/2025\/11\/Bildschirmfoto-2025-11-24-um-10.19.03-scaled.png)\" title=\"Zibu pour l&rsquo;\u00e9ternit\u00e9 &#8211; Portrait du taureau vainqueur remis au roi de l&rsquo;ESAF Armon Orlik\"><\/figure>\n\t\t\t\t<small>24 novembre 2025<\/small>\n\t\t\t\t<span>Nous avons v\u00e9cu un moment tr\u00e8s sp\u00e9cial dans nos locaux : le roi de la lutte Armon Orlik a re\u00e7u le portrait de son taureau vainqueur Zibu, non pas sous la forme d&rsquo;un taureau vivant, mais sous celle d&rsquo;une \u0153uvre d&rsquo;art durable. En collaboration avec l&rsquo;artiste Susanne von Aarburg de Kaltbrunn, nous lui avons remis [&hellip;]<\/span>\n\t\t\t\t<span>Continuer la lecture<\/span>\n\t\t\t<\/a>\n\t\t\n\t\t\t\t<form action=\"https:\/\/geska.us14.list-manage.com\/subscribe\/post?u=1cf5c3c9758bac2455740f2c3&amp;id=a6d7fc7fc8\" method=\"post\" target=\"_blank\">\n\t\t\t\t\t<strong>Int\u00e9ress\u00e9(e) par des nouvelles passionnantes sur notre Schabziger glaronais ?<\/strong>\n\t\t\t\t\t<span>Inscrivez-vous tout de suite pour recevoir notre newsletter !<\/span>\n\t\t\t\t\t<label>\n\t\t\t\t\t\tE-Mail-Adresse\n\t\t\t\t\t\t<input type=\"email\" name=\"EMAIL\" required>\n\t\t\t\t\t<\/label>\n\t\t\t\t\t<input type=\"submit\" value=\"S\u2019abonner \u00e0 la newsletter\">\n\t\t\t\t<\/form>\n\t\t\t\n\t\t\t<a href=\"https:\/\/schabziger.ch\/fr\/quelle-fete-retour-sur-lffls-2025-pays-de-glaris-avec-zibu-zigerbruut\/\" style=\"\" class=\"\">\n\t\t\t\t<figure style=\"background-image:url(https:\/\/schabziger.ch\/wp-content\/uploads\/2025\/09\/2501_GESKA_Newsbeitrag_Rueckblick_ESAF_2560x1920_Ansicht-scaled.jpg)\" title=\"Quelle f\u00eate! Retour sur l\u2019FFLS 2025 pays de Glaris+ avec Zibu &amp; Zigerbr\u00fc\u00fct.\"><\/figure>\n\t\t\t\t<small>5 septembre 2025<\/small>\n\t\t\t\t<span>Trois jours, des milliers de visiteurs enthousiastes et une f\u00eate de lutte suisse exceptionnelle: l\u2019FFLS 2025 pays de Glaris+ a \u00e9t\u00e9 une exp\u00e9rience inoubliable. Et au c\u0153ur de l\u2019\u00e9v\u00e9nement: le Glarner Schabziger et Zibu, le taureau vainqueur pesant plus de 1,3 tonne. En tant que fier partenaire municipal, nous pouvons dire que ce fut un [&hellip;]<\/span>\n\t\t\t\t<span>Continuer la lecture<\/span>\n\t\t\t<\/a>\n\t\t\n\t\t\t<a href=\"https:\/\/schabziger.ch\/fr\/affluence-record-pour-le-concours-du-ffls-2025-pays-de-glaris-les-gagnant%c2%b7e%c2%b7s-sont-designe%c2%b7e%c2%b7s\/\" style=\"\" class=\"\">\n\t\t\t\t<figure style=\"background-image:url(https:\/\/schabziger.ch\/wp-content\/uploads\/2025\/07\/IMG_7695_bearbeitet_Website_Ansicht.jpg)\" title=\"Affluence record pour le concours du FFLS 2025 Pays de Glaris \u2013 Les gagnant\u00b7e\u00b7s sont d\u00e9sign\u00e9\u00b7e\u00b7s!\"><\/figure>\n\t\t\t\t<small>31 juillet 2025<\/small>\n\t\t\t\t<span>Le compte \u00e0 rebours pour la F\u00eate f\u00e9d\u00e9rale de lutte suisse et des jeux alpestres (FFLS) 2025 Pays de Glaris est lanc\u00e9, et l\u2019enthousiasme est immense. \u00c0 l\u2019occasion de ce grand \u00e9v\u00e9nement unique, Glarner Schabziger a organis\u00e9 un concours palpitant \u2013 et les heureux\u00b7ses gagnant\u00b7e\u00b7s sont d\u00e9sormais connu\u00b7e\u00b7s. Avec plus de 7&rsquo;000 participant\u00b7e\u00b7s, l\u2019int\u00e9r\u00eat pour [&hellip;]<\/span>\n\t\t\t\t<span>Continuer la lecture<\/span>\n\t\t\t<\/a>\n\t\t\n\t\t\t<a href=\"https:\/\/schabziger.ch\/fr\/le-gagnant-de-lffls-2025-pays-de-glaris-muni-quiz-est-connu\/\" style=\"\" class=\"\">\n\t\t\t\t<figure style=\"background-image:url(https:\/\/schabziger.ch\/wp-content\/uploads\/2025\/07\/2501_GESKA_SoMe_Post_1080x1350_Gluecksfee_Peter_Gubser-819x1024_Ansicht.jpg)\" title=\"Le gagnant de l&rsquo;FFLS 2025 Pays de Glaris+ \u00abMuni-Quiz\u00bb est connu!\"><\/figure>\n\t\t\t\t<small>11 juillet 2025<\/small>\n\t\t\t\t<span>La f\u00e9e de la chance a tranch\u00e9: Damian F\u00e4ssler est l&rsquo;heureux gagnant du concours annuel FFLS 2025 \u00abMuni-Quiz\u00bb! Tout au long de l&rsquo;ann\u00e9e, il a particip\u00e9 aux 12 tours du quiz et a maintenant \u00e9t\u00e9 tir\u00e9 au sort parmi tous les participants. Comme prix, il recevra deux billets tr\u00e8s convoit\u00e9s pour la F\u00eate f\u00e9d\u00e9rale de [&hellip;]<\/span>\n\t\t\t\t<span>Continuer la lecture<\/span>\n\t\t\t<\/a>\n\t\t\n","protected":false},"excerpt":{"rendered":"<p>Le meilleur du pays de glaris Recettes Toutes les recettes &gt; Actualit\u00e9s Toutes les actualit\u00e9s &gt;<\/p>\n","protected":false},"author":1,"featured_media":0,"parent":0,"menu_order":1,"comment_status":"closed","ping_status":"closed","template":"","meta":{"_acf_changed":false,"inline_featured_image":false,"footnotes":""},"class_list":["post-1372","page","type-page","status-publish","hentry"],"acf":[],"yoast_head":"<!-- This site is optimized with the Yoast SEO plugin v27.4 - https:\/\/yoast.com\/product\/yoast-seo-wordpress\/ -->\n<title>Page d&#039;accueil - Schabziger<\/title>\n<meta name=\"description\" content=\"Bienvenue sur le site officiel du Glarner Schabziger, le plus ancien produit de marque au monde !\" \/>\n<meta name=\"robots\" content=\"index, follow, max-snippet:-1, max-image-preview:large, max-video-preview:-1\" \/>\n<link rel=\"canonical\" href=\"https:\/\/schabziger.ch\/fr\/page-daccueil\/\" \/>\n<meta property=\"og:locale\" content=\"fr_FR\" \/>\n<meta property=\"og:type\" content=\"article\" \/>\n<meta property=\"og:title\" content=\"Page d&#039;accueil - Schabziger\" \/>\n<meta property=\"og:description\" content=\"Bienvenue sur le site officiel du Glarner Schabziger, le plus ancien produit de marque au monde !\" \/>\n<meta property=\"og:url\" content=\"https:\/\/schabziger.ch\/fr\/page-daccueil\/\" \/>\n<meta property=\"og:site_name\" content=\"Schabziger\" \/>\n<meta property=\"article:modified_time\" content=\"2025-09-04T16:17:11+00:00\" \/>\n<meta property=\"og:image\" content=\"https:\/\/schabziger.ch\/wp-content\/uploads\/2025\/09\/2509_Geska_Website_Header_1920x800px_Rueckblick_ESAF_FR-scaled.jpg\" \/>\n\t<meta property=\"og:image:width\" content=\"2560\" \/>\n\t<meta property=\"og:image:height\" content=\"1067\" \/>\n\t<meta property=\"og:image:type\" content=\"image\/jpeg\" \/>\n<meta name=\"twitter:card\" content=\"summary_large_image\" \/>\n<meta name=\"twitter:label1\" content=\"Dur\u00e9e de lecture estim\u00e9e\" \/>\n\t<meta name=\"twitter:data1\" content=\"1 minute\" \/>\n<script type=\"application\/ld+json\" class=\"yoast-schema-graph\">{\"@context\":\"https:\\\/\\\/schema.org\",\"@graph\":[{\"@type\":\"WebPage\",\"@id\":\"https:\\\/\\\/schabziger.ch\\\/fr\\\/page-daccueil\\\/\",\"url\":\"https:\\\/\\\/schabziger.ch\\\/fr\\\/page-daccueil\\\/\",\"name\":\"Page d'accueil - Schabziger\",\"isPartOf\":{\"@id\":\"https:\\\/\\\/schabziger.ch\\\/fr\\\/#website\"},\"primaryImageOfPage\":{\"@id\":\"https:\\\/\\\/schabziger.ch\\\/fr\\\/page-daccueil\\\/#primaryimage\"},\"image\":{\"@id\":\"https:\\\/\\\/schabziger.ch\\\/fr\\\/page-daccueil\\\/#primaryimage\"},\"thumbnailUrl\":\"https:\\\/\\\/schabziger.ch\\\/wp-content\\\/uploads\\\/2025\\\/09\\\/2509_Geska_Website_Header_1920x800px_Rueckblick_ESAF_FR-scaled.jpg\",\"datePublished\":\"2022-04-08T14:14:37+00:00\",\"dateModified\":\"2025-09-04T16:17:11+00:00\",\"description\":\"Bienvenue sur le site officiel du Glarner Schabziger, le plus ancien produit de marque au monde !\",\"breadcrumb\":{\"@id\":\"https:\\\/\\\/schabziger.ch\\\/fr\\\/page-daccueil\\\/#breadcrumb\"},\"inLanguage\":\"fr-FR\",\"potentialAction\":[{\"@type\":\"ReadAction\",\"target\":[\"https:\\\/\\\/schabziger.ch\\\/fr\\\/page-daccueil\\\/\"]}]},{\"@type\":\"ImageObject\",\"inLanguage\":\"fr-FR\",\"@id\":\"https:\\\/\\\/schabziger.ch\\\/fr\\\/page-daccueil\\\/#primaryimage\",\"url\":\"https:\\\/\\\/schabziger.ch\\\/wp-content\\\/uploads\\\/2025\\\/09\\\/2509_Geska_Website_Header_1920x800px_Rueckblick_ESAF_FR-scaled.jpg\",\"contentUrl\":\"https:\\\/\\\/schabziger.ch\\\/wp-content\\\/uploads\\\/2025\\\/09\\\/2509_Geska_Website_Header_1920x800px_Rueckblick_ESAF_FR-scaled.jpg\"},{\"@type\":\"BreadcrumbList\",\"@id\":\"https:\\\/\\\/schabziger.ch\\\/fr\\\/page-daccueil\\\/#breadcrumb\",\"itemListElement\":[{\"@type\":\"ListItem\",\"position\":1,\"name\":\"Startseite\",\"item\":\"https:\\\/\\\/schabziger.ch\\\/fr\\\/\"},{\"@type\":\"ListItem\",\"position\":2,\"name\":\"Page d&#8217;accueil\"}]},{\"@type\":\"WebSite\",\"@id\":\"https:\\\/\\\/schabziger.ch\\\/fr\\\/#website\",\"url\":\"https:\\\/\\\/schabziger.ch\\\/fr\\\/\",\"name\":\"Schabziger\",\"description\":\"Uurw\u00fcrzig guet\",\"potentialAction\":[{\"@type\":\"SearchAction\",\"target\":{\"@type\":\"EntryPoint\",\"urlTemplate\":\"https:\\\/\\\/schabziger.ch\\\/fr\\\/?s={search_term_string}\"},\"query-input\":{\"@type\":\"PropertyValueSpecification\",\"valueRequired\":true,\"valueName\":\"search_term_string\"}}],\"inLanguage\":\"fr-FR\"}]}<\/script>\n<!-- \/ Yoast SEO plugin. -->","yoast_head_json":{"title":"Page d'accueil - Schabziger","description":"Bienvenue sur le site officiel du Glarner Schabziger, le plus ancien produit de marque au monde !","robots":{"index":"index","follow":"follow","max-snippet":"max-snippet:-1","max-image-preview":"max-image-preview:large","max-video-preview":"max-video-preview:-1"},"canonical":"https:\/\/schabziger.ch\/fr\/page-daccueil\/","og_locale":"fr_FR","og_type":"article","og_title":"Page d'accueil - Schabziger","og_description":"Bienvenue sur le site officiel du Glarner Schabziger, le plus ancien produit de marque au monde !","og_url":"https:\/\/schabziger.ch\/fr\/page-daccueil\/","og_site_name":"Schabziger","article_modified_time":"2025-09-04T16:17:11+00:00","og_image":[{"width":2560,"height":1067,"url":"https:\/\/schabziger.ch\/wp-content\/uploads\/2025\/09\/2509_Geska_Website_Header_1920x800px_Rueckblick_ESAF_FR-scaled.jpg","type":"image\/jpeg"}],"twitter_card":"summary_large_image","twitter_misc":{"Dur\u00e9e de lecture estim\u00e9e":"1 minute"},"schema":{"@context":"https:\/\/schema.org","@graph":[{"@type":"WebPage","@id":"https:\/\/schabziger.ch\/fr\/page-daccueil\/","url":"https:\/\/schabziger.ch\/fr\/page-daccueil\/","name":"Page d'accueil - Schabziger","isPartOf":{"@id":"https:\/\/schabziger.ch\/fr\/#website"},"primaryImageOfPage":{"@id":"https:\/\/schabziger.ch\/fr\/page-daccueil\/#primaryimage"},"image":{"@id":"https:\/\/schabziger.ch\/fr\/page-daccueil\/#primaryimage"},"thumbnailUrl":"https:\/\/schabziger.ch\/wp-content\/uploads\/2025\/09\/2509_Geska_Website_Header_1920x800px_Rueckblick_ESAF_FR-scaled.jpg","datePublished":"2022-04-08T14:14:37+00:00","dateModified":"2025-09-04T16:17:11+00:00","description":"Bienvenue sur le site officiel du Glarner Schabziger, le plus ancien produit de marque au monde !","breadcrumb":{"@id":"https:\/\/schabziger.ch\/fr\/page-daccueil\/#breadcrumb"},"inLanguage":"fr-FR","potentialAction":[{"@type":"ReadAction","target":["https:\/\/schabziger.ch\/fr\/page-daccueil\/"]}]},{"@type":"ImageObject","inLanguage":"fr-FR","@id":"https:\/\/schabziger.ch\/fr\/page-daccueil\/#primaryimage","url":"https:\/\/schabziger.ch\/wp-content\/uploads\/2025\/09\/2509_Geska_Website_Header_1920x800px_Rueckblick_ESAF_FR-scaled.jpg","contentUrl":"https:\/\/schabziger.ch\/wp-content\/uploads\/2025\/09\/2509_Geska_Website_Header_1920x800px_Rueckblick_ESAF_FR-scaled.jpg"},{"@type":"BreadcrumbList","@id":"https:\/\/schabziger.ch\/fr\/page-daccueil\/#breadcrumb","itemListElement":[{"@type":"ListItem","position":1,"name":"Startseite","item":"https:\/\/schabziger.ch\/fr\/"},{"@type":"ListItem","position":2,"name":"Page d&#8217;accueil"}]},{"@type":"WebSite","@id":"https:\/\/schabziger.ch\/fr\/#website","url":"https:\/\/schabziger.ch\/fr\/","name":"Schabziger","description":"Uurw\u00fcrzig guet","potentialAction":[{"@type":"SearchAction","target":{"@type":"EntryPoint","urlTemplate":"https:\/\/schabziger.ch\/fr\/?s={search_term_string}"},"query-input":{"@type":"PropertyValueSpecification","valueRequired":true,"valueName":"search_term_string"}}],"inLanguage":"fr-FR"}]}},"_links":{"self":[{"href":"https:\/\/schabziger.ch\/fr\/wp-json\/wp\/v2\/pages\/1372","targetHints":{"allow":["GET"]}}],"collection":[{"href":"https:\/\/schabziger.ch\/fr\/wp-json\/wp\/v2\/pages"}],"about":[{"href":"https:\/\/schabziger.ch\/fr\/wp-json\/wp\/v2\/types\/page"}],"author":[{"embeddable":true,"href":"https:\/\/schabziger.ch\/fr\/wp-json\/wp\/v2\/users\/1"}],"replies":[{"embeddable":true,"href":"https:\/\/schabziger.ch\/fr\/wp-json\/wp\/v2\/comments?post=1372"}],"version-history":[{"count":19,"href":"https:\/\/schabziger.ch\/fr\/wp-json\/wp\/v2\/pages\/1372\/revisions"}],"predecessor-version":[{"id":3999,"href":"https:\/\/schabziger.ch\/fr\/wp-json\/wp\/v2\/pages\/1372\/revisions\/3999"}],"wp:attachment":[{"href":"https:\/\/schabziger.ch\/fr\/wp-json\/wp\/v2\/media?parent=1372"}],"curies":[{"name":"wp","href":"https:\/\/api.w.org\/{rel}","templated":true}]}}