{"id":1628,"date":"2022-05-09T15:49:25","date_gmt":"2022-05-09T13:49:25","guid":{"rendered":"https:\/\/geska.brandneu.ch\/news\/"},"modified":"2023-10-12T11:21:24","modified_gmt":"2023-10-12T09:21:24","slug":"news","status":"publish","type":"page","link":"https:\/\/schabziger.ch\/en\/news\/","title":{"rendered":"News"},"content":{"rendered":"\n<h1 class=\"wp-block-heading\">The latest<br\/>from the Glarnerland<\/h1>\n\n<section class=\"white\">\n\t<div class=\"content max\">\n\t\t\t\n\n<\/div><div class=\"content max posts\" style=\"margin-top:0\"><select oninput=\"location.href = '\/news\/?Y='+this.value\"><option value=\"\">Filter by years<\/option><option value=\"\">Show all<\/option><option >2026<\/option><option >2025<\/option><option >2024<\/option><option >2023<\/option><option >2022<\/option><option >2021<\/option><option >2020<\/option><option >2019<\/option><option >2018<\/option><option >2017<\/option><option >2016<\/option><\/select><\/div><div class=\"content max posts m-1\">\n\t\t\t<a style=\"background:none\">\t\n\t\t\t\t<figure style=\"background:url(\/wp-content\/uploads\/2022\/07\/GSZ_LassEs_news_de_1_neu.svg);background-size:contain;background-repeat: no-repeat;\"><\/figure>\n\t\t\t<\/a>\n\t\t\n\t\t\t<a href=\"https:\/\/schabziger.ch\/en\/media-release-of-the-oc-esaf-2025-glarnerland\/\" style=\"\/\" class=\"\">\n\t\t\t\t<figure style=\"background-image:url(https:\/\/schabziger.ch\/wp-content\/uploads\/2022\/04\/schabziger-munipartner.jpg)\" title=\"Media release of the OC ESAF 2025 Glarnerland +\"><\/figure>\n\t\t\t\t<small>21. December 2021<\/small>\n\t\t\t\t<span>Since the contract was awarded for Switzerland's largest sports and folk festival on this year's Fridolin's Day, the preparatory work has been in full swing.<\/span>\n\t\t\t\t<span>Read more<\/span>\n\t\t\t<\/a>\n\t\t\n\t\t\t<a href=\"https:\/\/schabziger.ch\/en\/winners-are-drawn\/\" style=\"\" class=\"\">\n\t\t\t\t<figure style=\"background-image:url(https:\/\/schabziger.ch\/wp-content\/uploads\/2022\/05\/schabziger-wettbewrb-3.jpg)\" title=\"Winners are drawn\"><\/figure>\n\t\t\t\t<small>28. October 2021<\/small>\n\t\t\t\t<span>This summer we launched a contest and asked the participants for their opinion on the taste of Schabziger in a charmingly provocative way.  <\/span>\n\t\t\t\t<span>Read more<\/span>\n\t\t\t<\/a>\n\t\t\n\t\t\t<a href=\"https:\/\/schabziger.ch\/en\/a-look-behind-the-scenes-plant-tour\/\" style=\"\" class=\"\">\n\t\t\t\t<figure style=\"background-image:url(https:\/\/schabziger.ch\/wp-content\/uploads\/2022\/05\/gsz_04_produkte_slideshow_produktion-zibu_2.jpg)\" title=\"A look behind the scenes &#8211; plant tour\"><\/figure>\n\t\t\t\t<small>26. October 2021<\/small>\n\t\t\t\t<span>Visit us and experience the Glarner Schabziger up close and watch our employees produce Switzerland's oldest brand product.<\/span>\n\t\t\t\t<span>Read more<\/span>\n\t\t\t<\/a>\n\t\t\n\t\t\t<a href=\"https:\/\/schabziger.ch\/en\/glarus-gazpacho-recipe\/\" style=\"\" class=\"\">\n\t\t\t\t<figure style=\"background-image:url(https:\/\/schabziger.ch\/wp-content\/uploads\/2022\/05\/Glarner_Gazpacho_schabziger_tomate.jpg)\" title=\"Glarus gazpacho recipe\"><\/figure>\n\t\t\t\t<small>20. October 2021<\/small>\n\t\t\t\t<span>The cold Spanish cult soup for hot summer days is also available in a delicious Glarus version. And the best part is that the preparation is very simple!<\/span>\n\t\t\t\t<span>Read more<\/span>\n\t\t\t<\/a>\n\t\t\n\t\t\t<a href=\"https:\/\/schabziger.ch\/en\/glarus-alpine-cheese-and-schabziger-market\/\" style=\"\" class=\"\">\n\t\t\t\t<figure style=\"background-image:url(https:\/\/schabziger.ch\/wp-content\/uploads\/2022\/05\/glarner-kaesemarkt-2021.jpg)\" title=\"Glarus Alpine Cheese and Schabziger Market\"><\/figure>\n\t\t\t\t<small>10. September 2021<\/small>\n\t\t\t\t<span>Mer are debi! With all our products made from fine Glarus milk to taste and buy.  <\/span>\n\t\t\t\t<span>Read more<\/span>\n\t\t\t<\/a>\n\t\t<\/div><div class=\"green dark max posts\">\n\t\t\t\t<form action=\"https:\/\/geska.us14.list-manage.com\/subscribe\/post?u=1cf5c3c9758bac2455740f2c3&amp;id=a6d7fc7fc8\" method=\"post\" target=\"_blank\">\n\t\t\t\t\t<strong>Interested in exciting news about our Glarner Schabziger?<\/strong>\n\t\t\t\t\t<span>Then sign up for our newsletter right away!<\/span>\n\t\t\t\t\t<label>\n\t\t\t\t\t\tE-Mail-Adresse\n\t\t\t\t\t\t<input type=\"email\" name=\"EMAIL\" required>\n\t\t\t\t\t<\/label>\n\t\t\t\t\t<input type=\"submit\" value=\"Subscribe to newsletter\">\n\t\t\t\t<\/form>\n\t\t\t<\/div><div class=\"content max posts m-1\">\n\t\t\t<a href=\"https:\/\/schabziger.ch\/en\/geska-ag-goes-into-new-hands\/\" style=\"\" class=\"\">\n\t\t\t\t<figure style=\"background-image:url(https:\/\/schabziger.ch\/wp-content\/uploads\/2022\/05\/blog_geska-geht-in-neue-haende.jpg)\" title=\"GESKA AG goes into new hands\"><\/figure>\n\t\t\t\t<small>17. September 2020<\/small>\n\t\t\t\t<span>It is of great importance that succession can be arranged for a company at an early stage.  <\/span>\n\t\t\t\t<span>Read more<\/span>\n\t\t\t<\/a>\n\t\t\n\t\t\t<a href=\"https:\/\/schabziger.ch\/en\/carnival-luzern-2020\/\" style=\"\" class=\"\">\n\t\t\t\t<figure style=\"background-image:url(https:\/\/schabziger.ch\/wp-content\/uploads\/2022\/05\/pink_stoeckli_luzern_2020.jpg)\" title=\"Carnival LUZERN 2020\"><\/figure>\n\t\t\t\t<small>27. February 2020<\/small>\n\t\t\t\t<span>The new Pink-St\u00f6ckli at the Lucerne Carnival. Hot Pink Cheese from Geska AG Glarus. Trendy and tasteful, belongs in every kitchen.<\/span>\n\t\t\t\t<span>Read more<\/span>\n\t\t\t<\/a>\n\t\t\n\t\t\t<a href=\"https:\/\/schabziger.ch\/en\/anuga-2019-cologne-trade-fair\/\" style=\"\" class=\"\">\n\t\t\t\t<figure style=\"background-image:url(https:\/\/schabziger.ch\/wp-content\/uploads\/2022\/05\/anuga_2019.jpg)\" title=\"Anuga 2019 &#8211; Cologne Trade Fair\"><\/figure>\n\t\t\t\t<small>3. October 2019<\/small>\n\t\t\t\t<span>This year you will again have the chance to be part of the leading food trade fair in Cologne.<\/span>\n\t\t\t\t<span>Read more<\/span>\n\t\t\t<\/a>\n\t\t\n\t\t\t<a href=\"https:\/\/schabziger.ch\/en\/schabziger-book-new-edition-2019\/\" style=\"\" class=\"\">\n\t\t\t\t<figure style=\"background-image:url(https:\/\/schabziger.ch\/wp-content\/uploads\/2022\/05\/schabziger_buch_2019.jpg)\" title=\"Schabziger book new edition 2019\"><\/figure>\n\t\t\t\t<small>25. July 2019<\/small>\n\t\t\t\t<span>History - Schabziger stories - Schabziger today - Recipes\n36 recipes and lots of background knowledge about Switzerland's oldest branded product<\/span>\n\t\t\t\t<span>Read more<\/span>\n\t\t\t<\/a>\n\t\t\n\t\t\t<a href=\"https:\/\/schabziger.ch\/en\/exciting-recipes-series-from-culinatalie\/\" style=\"\" class=\"\">\n\t\t\t\t<figure style=\"background-image:url(https:\/\/schabziger.ch\/wp-content\/uploads\/2022\/05\/promo_culinatalie-800x385-1.jpeg)\" title=\"Exciting recipes series from Culinatalie\"><\/figure>\n\t\t\t\t<small>3. December 2018<\/small>\n\t\t\t\t<span>Schabziger Recipes - Creative, inspiring and without hocus pocus, this is the cuisine of CuliNatalie.<\/span>\n\t\t\t\t<span>Read more<\/span>\n\t\t\t<\/a>\n\t\t\n\t\t\t<a href=\"https:\/\/schabziger.ch\/en\/swiss-mountain-aid-the-film\/\" style=\"\" class=\"\">\n\t\t\t\t<figure style=\"background-image:url(https:\/\/schabziger.ch\/wp-content\/uploads\/2022\/05\/film-schweizer-berghilfe.jpeg)\" title=\"Swiss Mountain Aid &#8211; The Film\"><\/figure>\n\t\t\t\t<small>1. October 2018<\/small>\n\t\t\t\t<span>The Zigerst\u00f6ckli is not only the oldest branded product in Switzerland, it gave the entire Glarus region its nickname.  <\/span>\n\t\t\t\t<span>Read more<\/span>\n\t\t\t<\/a>\n\t\t\n\t\t\t<a href=\"https:\/\/schabziger.ch\/en\/555th-anniversary-of-schabziger-interview-on-radio-zuerisee\/\" style=\"\" class=\"\">\n\t\t\t\t<figure style=\"background-image:url(https:\/\/schabziger.ch\/wp-content\/uploads\/2022\/05\/555jahre-interview-radio-zuerisee.jpeg)\" title=\"555th anniversary of Schabziger &#8211; Interview on Radio Z\u00fcrisee\"><\/figure>\n\t\t\t\t<small>24. April 2018<\/small>\n\t\t\t\t<span>The oldest brand product celebrates its 555th anniversary on April 24, 2018.<\/span>\n\t\t\t\t<span>Read more<\/span>\n\t\t\t<\/a>\n\t\t\n\t\t\t<a href=\"https:\/\/schabziger.ch\/en\/winner-ziger-zwaerge-painting-contest\/\" style=\"\" class=\"\">\n\t\t\t\t<figure style=\"background-image:url(https:\/\/schabziger.ch\/wp-content\/uploads\/2022\/05\/kinderwettbewerb-2.jpeg)\" title=\"Winner Ziger-Zw\u00e4rge painting contest\"><\/figure>\n\t\t\t\t<small>14. September 2017<\/small>\n\t\t\t\t<span>We have received many beautiful drawings. The winners are determined and we congratulate on an exciting weekend fairy tale hotel Bellevue.<\/span>\n\t\t\t\t<span>Read more<\/span>\n\t\t\t<\/a>\n\t\t\n\t\t\t<a href=\"https:\/\/schabziger.ch\/en\/wuerz-mi-ciger-powder-in-a-new-dress\/\" style=\"\" class=\"\">\n\t\t\t\t<figure style=\"background-image:url(https:\/\/schabziger.ch\/wp-content\/uploads\/2022\/05\/wuerzmi-800x385-1.jpeg)\" title=\"&#8220;W\u00fcrz Mi&#8221; ciger powder &#8211; in a new dress\"><\/figure>\n\t\t\t\t<small>9. May 2017<\/small>\n\t\t\t\t<span>\"W\u00fcrz Mi\" Ziger powder: tried and tested in new packaging - in the practical sprinkle can.<\/span>\n\t\t\t\t<span>Read more<\/span>\n\t\t\t<\/a>\n\t\t\n\t\t\t<a href=\"https:\/\/schabziger.ch\/en\/saechsi-lueuete-zzueri\/\" style=\"\" class=\"\">\n\t\t\t\t<figure style=\"background-image:url(https:\/\/schabziger.ch\/wp-content\/uploads\/2022\/05\/sechselauten-800x385-1.jpeg)\" title=\"S\u00e4chsi L\u00fc\u00fcte z&#8217;Z\u00fcri\"><\/figure>\n\t\t\t\t<small>11. April 2017<\/small>\n\t\t\t\t<span>The Zigermann\u00e4 from the Zigerschlitz happily distributed over 3000 original Schabziger St\u00f6ckli to the audience.  <\/span>\n\t\t\t\t<span>Read more<\/span>\n\t\t\t<\/a>\n\t\t\n\t\t\t<a href=\"https:\/\/schabziger.ch\/en\/glarner-grueessli-in-trend\/\" style=\"\" class=\"\">\n\t\t\t\t<figure style=\"background-image:url(https:\/\/schabziger.ch\/wp-content\/uploads\/2022\/05\/Kindergarten_Gruessli-800x534-1.png)\" title=\"Glarner Gr\u00fcessli in trend!\"><\/figure>\n\t\t\t\t<small>16. February 2017<\/small>\n\t\t\t\t<span>Popular with young and old. The Glarner Gr\u00fcessli, is suitable for dipping and spreading.\n<\/span>\n\t\t\t\t<span>Read more<\/span>\n\t\t\t<\/a>\n\t\t\n\t\t\t<a href=\"https:\/\/schabziger.ch\/en\/lifestyle-cheese-in-view\/\" style=\"\" class=\"\">\n\t\t\t\t<figure style=\"background-image:url(https:\/\/schabziger.ch\/wp-content\/uploads\/2022\/05\/blick3-800x385-1.png)\" title=\"Lifestyle cheese in view!\"><\/figure>\n\t\t\t\t<small>23. January 2017<\/small>\n\t\t\t\t<span>Schabziger is a lifestyle product. \"Our oldest brand product\" in view.<\/span>\n\t\t\t\t<span>Read more<\/span>\n\t\t\t<\/a>\n\t\t\n\t\t\t<a href=\"https:\/\/schabziger.ch\/en\/glarner-gruessli-gnocchi-casserole-for-the-short-lunch-time\/\" style=\"\" class=\"\">\n\t\t\t\t<figure style=\"background-image:url(https:\/\/schabziger.ch\/wp-content\/uploads\/2022\/05\/gnocchi_auflauf.jpeg)\" title=\"Glarner gruessli gnocchi casserole for the short lunch time\"><\/figure>\n\t\t\t\t<small>16. January 2017<\/small>\n\t\t\t\t<span>Delicious food for the lunch break. Quickly prepared with the Glarner Gr\u00fcessli.<\/span>\n\t\t\t\t<span>Read more<\/span>\n\t\t\t<\/a>\n\t\t\n\t\t\t<a href=\"https:\/\/schabziger.ch\/en\/train-hard-feel-good\/\" style=\"\" class=\"\">\n\t\t\t\t<figure style=\"background-image:url(https:\/\/schabziger.ch\/wp-content\/uploads\/2022\/05\/fitness_ziger_klein-800x531-1.jpeg)\" title=\"Train hard &#8211; feel good!\"><\/figure>\n\t\t\t\t<small>11. January 2017<\/small>\n\t\t\t\t<span>With our two lean cheese variants \"Glarner Schabziger\" and \"Weiss St\u00f6ckli with truffle\", you do not have to do without cheese.<\/span>\n\t\t\t\t<span>Read more<\/span>\n\t\t\t<\/a>\n\t\t\n\t\t\t<a href=\"https:\/\/schabziger.ch\/en\/glarner-for-glarner\/\" style=\"\" class=\"\">\n\t\t\t\t<figure style=\"background-image:url(https:\/\/schabziger.ch\/wp-content\/uploads\/2022\/05\/mathias_chef1-800x562-1.jpeg)\" title=\"Glarner for Glarner!\"><\/figure>\n\t\t\t\t<small>8. December 2016<\/small>\n\t\t\t\t<span>Wrestler king Matthias Glarner becomes an ambassador for Glarner Schabziger.<\/span>\n\t\t\t\t<span>Read more<\/span>\n\t\t\t<\/a>\n\t\t\n\t\t\t<a href=\"https:\/\/schabziger.ch\/en\/we-are-also-committed-to-climate-protection%ef%bf%bc\/\" style=\"\" class=\"\">\n\t\t\t\t<figure style=\"background-image:url(https:\/\/schabziger.ch\/wp-content\/uploads\/2022\/05\/fairrec-800x533-1.jpeg)\" title=\"We are also committed to climate protection!\ufffc\"><\/figure>\n\t\t\t\t<small>7. October 2016<\/small>\n\t\t\t\t<span>As the producer of Switzerland's oldest branded product, GESKA has always been committed to sustainability.<\/span>\n\t\t\t\t<span>Read more<\/span>\n\t\t\t<\/a>\n\t\t\n\t\t\t<a href=\"https:\/\/schabziger.ch\/en\/experience-in-glarus-and-elm\/\" style=\"\" class=\"\">\n\t\t\t\t<figure style=\"background-image:url(https:\/\/schabziger.ch\/wp-content\/uploads\/2022\/05\/teaser_betriebsbesichtigung-800x580-1.jpeg)\" title=\"Experience in Glarus and Elm\"><\/figure>\n\t\t\t\t<small>8. July 2016<\/small>\n\t\t\t\t<span>Would you like to visit our company and then enjoy the view of the Glarus mountains over lunch?<\/span>\n\t\t\t\t<span>Read more<\/span>\n\t\t\t<\/a>\n\t\t\n\t\t\t<a href=\"https:\/\/schabziger.ch\/en\/schabziger-mill-for-refilling\/\" style=\"\" class=\"\">\n\t\t\t\t<figure style=\"background-image:url(https:\/\/schabziger.ch\/wp-content\/uploads\/2022\/05\/blog_stoecklimuehle-800x385-1.jpeg)\" title=\"Schabziger mill for refilling\"><\/figure>\n\t\t\t\t<small>1. July 2016<\/small>\n\t\t\t\t<span>Are you having difficulty refilling your Schabziger mill?\nSee how this is done most easily in this video.<\/span>\n\t\t\t\t<span>Read more<\/span>\n\t\t\t<\/a>\n\t\t\n","protected":false},"excerpt":{"rendered":"<p>The latestfrom the Glarnerland<\/p>\n","protected":false},"author":1,"featured_media":1211,"parent":0,"menu_order":6,"comment_status":"closed","ping_status":"closed","template":"","meta":{"_acf_changed":false,"inline_featured_image":false,"footnotes":""},"class_list":["post-1628","page","type-page","status-publish","has-post-thumbnail","hentry"],"acf":[],"yoast_head":"<!-- This site is optimized with the Yoast SEO plugin v27.3 - https:\/\/yoast.com\/product\/yoast-seo-wordpress\/ -->\n<title>News - Schabziger<\/title>\n<meta name=\"robots\" content=\"index, follow, max-snippet:-1, max-image-preview:large, max-video-preview:-1\" \/>\n<link rel=\"canonical\" href=\"https:\/\/schabziger.ch\/en\/news\/\" \/>\n<meta property=\"og:locale\" content=\"en_US\" \/>\n<meta property=\"og:type\" content=\"article\" \/>\n<meta property=\"og:title\" content=\"News - Schabziger\" \/>\n<meta property=\"og:description\" content=\"The latestfrom the Glarnerland\" \/>\n<meta property=\"og:url\" content=\"https:\/\/schabziger.ch\/en\/news\/\" \/>\n<meta property=\"og:site_name\" content=\"Schabziger\" \/>\n<meta property=\"article:modified_time\" content=\"2023-10-12T09:21:24+00:00\" \/>\n<meta property=\"og:image\" content=\"https:\/\/schabziger.ch\/wp-content\/uploads\/2022\/05\/gsz_00_header_news-scaled.jpg\" \/>\n\t<meta property=\"og:image:width\" content=\"2560\" \/>\n\t<meta property=\"og:image:height\" content=\"853\" \/>\n\t<meta property=\"og:image:type\" content=\"image\/jpeg\" \/>\n<meta name=\"twitter:card\" content=\"summary_large_image\" \/>\n<meta name=\"twitter:label1\" content=\"Est. reading time\" \/>\n\t<meta name=\"twitter:data1\" content=\"1 minute\" \/>\n<script type=\"application\/ld+json\" class=\"yoast-schema-graph\">{\"@context\":\"https:\\\/\\\/schema.org\",\"@graph\":[{\"@type\":\"WebPage\",\"@id\":\"https:\\\/\\\/schabziger.ch\\\/en\\\/news\\\/\",\"url\":\"https:\\\/\\\/schabziger.ch\\\/en\\\/news\\\/\",\"name\":\"News - Schabziger\",\"isPartOf\":{\"@id\":\"https:\\\/\\\/schabziger.ch\\\/en\\\/#website\"},\"primaryImageOfPage\":{\"@id\":\"https:\\\/\\\/schabziger.ch\\\/en\\\/news\\\/#primaryimage\"},\"image\":{\"@id\":\"https:\\\/\\\/schabziger.ch\\\/en\\\/news\\\/#primaryimage\"},\"thumbnailUrl\":\"https:\\\/\\\/schabziger.ch\\\/wp-content\\\/uploads\\\/2022\\\/05\\\/gsz_00_header_news-scaled.jpg\",\"datePublished\":\"2022-05-09T13:49:25+00:00\",\"dateModified\":\"2023-10-12T09:21:24+00:00\",\"breadcrumb\":{\"@id\":\"https:\\\/\\\/schabziger.ch\\\/en\\\/news\\\/#breadcrumb\"},\"inLanguage\":\"en-US\",\"potentialAction\":[{\"@type\":\"ReadAction\",\"target\":[\"https:\\\/\\\/schabziger.ch\\\/en\\\/news\\\/\"]}]},{\"@type\":\"ImageObject\",\"inLanguage\":\"en-US\",\"@id\":\"https:\\\/\\\/schabziger.ch\\\/en\\\/news\\\/#primaryimage\",\"url\":\"https:\\\/\\\/schabziger.ch\\\/wp-content\\\/uploads\\\/2022\\\/05\\\/gsz_00_header_news-scaled.jpg\",\"contentUrl\":\"https:\\\/\\\/schabziger.ch\\\/wp-content\\\/uploads\\\/2022\\\/05\\\/gsz_00_header_news-scaled.jpg\",\"width\":2560,\"height\":853},{\"@type\":\"BreadcrumbList\",\"@id\":\"https:\\\/\\\/schabziger.ch\\\/en\\\/news\\\/#breadcrumb\",\"itemListElement\":[{\"@type\":\"ListItem\",\"position\":1,\"name\":\"Startseite\",\"item\":\"https:\\\/\\\/schabziger.ch\\\/en\\\/\"},{\"@type\":\"ListItem\",\"position\":2,\"name\":\"News\"}]},{\"@type\":\"WebSite\",\"@id\":\"https:\\\/\\\/schabziger.ch\\\/en\\\/#website\",\"url\":\"https:\\\/\\\/schabziger.ch\\\/en\\\/\",\"name\":\"Schabziger\",\"description\":\"Uurw\u00fcrzig guet\",\"potentialAction\":[{\"@type\":\"SearchAction\",\"target\":{\"@type\":\"EntryPoint\",\"urlTemplate\":\"https:\\\/\\\/schabziger.ch\\\/en\\\/?s={search_term_string}\"},\"query-input\":{\"@type\":\"PropertyValueSpecification\",\"valueRequired\":true,\"valueName\":\"search_term_string\"}}],\"inLanguage\":\"en-US\"}]}<\/script>\n<!-- \/ Yoast SEO plugin. -->","yoast_head_json":{"title":"News - Schabziger","robots":{"index":"index","follow":"follow","max-snippet":"max-snippet:-1","max-image-preview":"max-image-preview:large","max-video-preview":"max-video-preview:-1"},"canonical":"https:\/\/schabziger.ch\/en\/news\/","og_locale":"en_US","og_type":"article","og_title":"News - Schabziger","og_description":"The latestfrom the Glarnerland","og_url":"https:\/\/schabziger.ch\/en\/news\/","og_site_name":"Schabziger","article_modified_time":"2023-10-12T09:21:24+00:00","og_image":[{"width":2560,"height":853,"url":"https:\/\/schabziger.ch\/wp-content\/uploads\/2022\/05\/gsz_00_header_news-scaled.jpg","type":"image\/jpeg"}],"twitter_card":"summary_large_image","twitter_misc":{"Est. reading time":"1 minute"},"schema":{"@context":"https:\/\/schema.org","@graph":[{"@type":"WebPage","@id":"https:\/\/schabziger.ch\/en\/news\/","url":"https:\/\/schabziger.ch\/en\/news\/","name":"News - Schabziger","isPartOf":{"@id":"https:\/\/schabziger.ch\/en\/#website"},"primaryImageOfPage":{"@id":"https:\/\/schabziger.ch\/en\/news\/#primaryimage"},"image":{"@id":"https:\/\/schabziger.ch\/en\/news\/#primaryimage"},"thumbnailUrl":"https:\/\/schabziger.ch\/wp-content\/uploads\/2022\/05\/gsz_00_header_news-scaled.jpg","datePublished":"2022-05-09T13:49:25+00:00","dateModified":"2023-10-12T09:21:24+00:00","breadcrumb":{"@id":"https:\/\/schabziger.ch\/en\/news\/#breadcrumb"},"inLanguage":"en-US","potentialAction":[{"@type":"ReadAction","target":["https:\/\/schabziger.ch\/en\/news\/"]}]},{"@type":"ImageObject","inLanguage":"en-US","@id":"https:\/\/schabziger.ch\/en\/news\/#primaryimage","url":"https:\/\/schabziger.ch\/wp-content\/uploads\/2022\/05\/gsz_00_header_news-scaled.jpg","contentUrl":"https:\/\/schabziger.ch\/wp-content\/uploads\/2022\/05\/gsz_00_header_news-scaled.jpg","width":2560,"height":853},{"@type":"BreadcrumbList","@id":"https:\/\/schabziger.ch\/en\/news\/#breadcrumb","itemListElement":[{"@type":"ListItem","position":1,"name":"Startseite","item":"https:\/\/schabziger.ch\/en\/"},{"@type":"ListItem","position":2,"name":"News"}]},{"@type":"WebSite","@id":"https:\/\/schabziger.ch\/en\/#website","url":"https:\/\/schabziger.ch\/en\/","name":"Schabziger","description":"Uurw\u00fcrzig guet","potentialAction":[{"@type":"SearchAction","target":{"@type":"EntryPoint","urlTemplate":"https:\/\/schabziger.ch\/en\/?s={search_term_string}"},"query-input":{"@type":"PropertyValueSpecification","valueRequired":true,"valueName":"search_term_string"}}],"inLanguage":"en-US"}]}},"_links":{"self":[{"href":"https:\/\/schabziger.ch\/en\/wp-json\/wp\/v2\/pages\/1628","targetHints":{"allow":["GET"]}}],"collection":[{"href":"https:\/\/schabziger.ch\/en\/wp-json\/wp\/v2\/pages"}],"about":[{"href":"https:\/\/schabziger.ch\/en\/wp-json\/wp\/v2\/types\/page"}],"author":[{"embeddable":true,"href":"https:\/\/schabziger.ch\/en\/wp-json\/wp\/v2\/users\/1"}],"replies":[{"embeddable":true,"href":"https:\/\/schabziger.ch\/en\/wp-json\/wp\/v2\/comments?post=1628"}],"version-history":[{"count":4,"href":"https:\/\/schabziger.ch\/en\/wp-json\/wp\/v2\/pages\/1628\/revisions"}],"predecessor-version":[{"id":3035,"href":"https:\/\/schabziger.ch\/en\/wp-json\/wp\/v2\/pages\/1628\/revisions\/3035"}],"wp:featuredmedia":[{"embeddable":true,"href":"https:\/\/schabziger.ch\/en\/wp-json\/wp\/v2\/media\/1211"}],"wp:attachment":[{"href":"https:\/\/schabziger.ch\/en\/wp-json\/wp\/v2\/media?parent=1628"}],"curies":[{"name":"wp","href":"https:\/\/api.w.org\/{rel}","templated":true}]}}