{"id":1524,"date":"2022-05-25T13:13:04","date_gmt":"2022-05-25T11:13:04","guid":{"rendered":"https:\/\/geska.brandneu.ch\/products\/"},"modified":"2025-10-27T14:45:39","modified_gmt":"2025-10-27T13:45:39","slug":"products","status":"publish","type":"page","link":"https:\/\/schabziger.ch\/en\/products\/","title":{"rendered":"Products"},"content":{"rendered":"\n<h1 class=\"wp-block-heading\" id=\"st\u00f6ckli\">Original products<\/h1>\n\n\n\n<section class=\"white\">\n\t<div class=\"content max\">\n\t\t\t\n\n\n\n\n<div class=\"wp-block-media-text alignwide is-stacked-on-mobile\"><figure class=\"wp-block-media-text__media\"><img loading=\"lazy\" decoding=\"async\" width=\"1024\" height=\"1024\" src=\"https:\/\/schabziger.ch\/wp-content\/uploads\/2025\/10\/Stoeckli_RGB-1024x1024.png\" alt=\"\" class=\"wp-image-4172 size-full\" srcset=\"https:\/\/schabziger.ch\/wp-content\/uploads\/2025\/10\/Stoeckli_RGB-1024x1024.png 1024w, https:\/\/schabziger.ch\/wp-content\/uploads\/2025\/10\/Stoeckli_RGB-300x300.png 300w, https:\/\/schabziger.ch\/wp-content\/uploads\/2025\/10\/Stoeckli_RGB-150x150.png 150w, https:\/\/schabziger.ch\/wp-content\/uploads\/2025\/10\/Stoeckli_RGB-768x768.png 768w, https:\/\/schabziger.ch\/wp-content\/uploads\/2025\/10\/Stoeckli_RGB-1536x1536.png 1536w, https:\/\/schabziger.ch\/wp-content\/uploads\/2025\/10\/Stoeckli_RGB-2048x2048.png 2048w\" sizes=\"auto, (max-width: 1024px) 100vw, 1024px\" \/><\/figure><div class=\"wp-block-media-text__content\">\n<h2 class=\"wp-block-heading\">Schabziger St\u00f6ckli &#8211;<br>the original<\/h2>\n\n\n\n<p><\/p>\n\n\n\n<p>The legendary Schabziger St\u00f6ckli is unique worldwide, spicy and tasty &#8211; simply uurw\u00fcrzig guet.<\/p>\n\n\n\n<h4 class=\"wp-block-heading\"><a href=\"https:\/\/shop.schabziger.ch\/\">Zum Shop &gt;<\/a><\/h4>\n<\/div><\/div>\n\n\n<\/div><\/section>\n<section class=\"gray\">\n\t<div class=\"content max\">\n\t\t\t\n\n\n\n\n<div class=\"wp-block-media-text alignwide has-media-on-the-right is-stacked-on-mobile\"><div class=\"wp-block-media-text__content\">\n<h2 class=\"wp-block-heading\">Glarner Gr\u00fcessli with fresh herbs<\/h2>\n\n\n\n<p><\/p>\n\n\n\n<p>The Glarner Gr\u00fcessli unfolds its pleasurable charm when spread, dipped or as an appetizer. The Glarner Gr\u00fcessli is natural and rich in protein and calcium.<\/p>\n\n\n\n<h4 class=\"wp-block-heading\"><\/h4>\n<\/div><figure class=\"wp-block-media-text__media\"><img loading=\"lazy\" decoding=\"async\" width=\"1024\" height=\"1024\" src=\"https:\/\/schabziger.ch\/wp-content\/uploads\/2025\/10\/Gruessli_RGB-1024x1024.png\" alt=\"\" class=\"wp-image-4177 size-full\" srcset=\"https:\/\/schabziger.ch\/wp-content\/uploads\/2025\/10\/Gruessli_RGB-1024x1024.png 1024w, https:\/\/schabziger.ch\/wp-content\/uploads\/2025\/10\/Gruessli_RGB-300x300.png 300w, https:\/\/schabziger.ch\/wp-content\/uploads\/2025\/10\/Gruessli_RGB-150x150.png 150w, https:\/\/schabziger.ch\/wp-content\/uploads\/2025\/10\/Gruessli_RGB-768x768.png 768w, https:\/\/schabziger.ch\/wp-content\/uploads\/2025\/10\/Gruessli_RGB-1536x1536.png 1536w, https:\/\/schabziger.ch\/wp-content\/uploads\/2025\/10\/Gruessli_RGB-2048x2048.png 2048w\" sizes=\"auto, (max-width: 1024px) 100vw, 1024px\" \/><\/figure><\/div>\n\n\n<\/div><\/section>\n<section class=\"white\">\n\t<div class=\"content max\">\n\t\t\t\n\n\n\n\n<div class=\"wp-block-media-text alignwide is-stacked-on-mobile\"><figure class=\"wp-block-media-text__media\"><img loading=\"lazy\" decoding=\"async\" width=\"1024\" height=\"1024\" src=\"https:\/\/schabziger.ch\/wp-content\/uploads\/2025\/10\/Zibu_CMYK-1024x1024.png\" alt=\"\" class=\"wp-image-4180 size-full\" srcset=\"https:\/\/schabziger.ch\/wp-content\/uploads\/2025\/10\/Zibu_CMYK-1024x1024.png 1024w, https:\/\/schabziger.ch\/wp-content\/uploads\/2025\/10\/Zibu_CMYK-300x300.png 300w, https:\/\/schabziger.ch\/wp-content\/uploads\/2025\/10\/Zibu_CMYK-150x150.png 150w, https:\/\/schabziger.ch\/wp-content\/uploads\/2025\/10\/Zibu_CMYK-768x768.png 768w, https:\/\/schabziger.ch\/wp-content\/uploads\/2025\/10\/Zibu_CMYK-1536x1536.png 1536w, https:\/\/schabziger.ch\/wp-content\/uploads\/2025\/10\/Zibu_CMYK-2048x2048.png 2048w\" sizes=\"auto, (max-width: 1024px) 100vw, 1024px\" \/><\/figure><div class=\"wp-block-media-text__content\">\n<h2 class=\"wp-block-heading\">Zibu Ziger Butter<\/h2>\n\n\n\n<p><\/p>\n\n\n\n<p>Spicy, aromatic, with a fine buttery flavor.<\/p>\n\n\n\n<h4 class=\"wp-block-heading\"><\/h4>\n<\/div><\/div>\n\n\n<\/div><\/section>\n<section class=\"gray\">\n\t<div class=\"content max\">\n\t\t\t\n\n\n\n\n<div class=\"wp-block-media-text alignwide has-media-on-the-right is-stacked-on-mobile\"><div class=\"wp-block-media-text__content\">\n<h2 class=\"wp-block-heading\">Zibu Ziger Butter<\/h2>\n\n\n\n<p><\/p>\n\n\n\n<p>Spicy, aromatic, with a fine buttery flavor.<br>Exclusively available in your Migros.<\/p>\n\n\n\n<h4 class=\"wp-block-heading\"><\/h4>\n<\/div><figure class=\"wp-block-media-text__media\"><img loading=\"lazy\" decoding=\"async\" width=\"1024\" height=\"1024\" src=\"https:\/\/schabziger.ch\/wp-content\/uploads\/2025\/10\/Zigerbutter_RGB-1024x1024.png\" alt=\"\" class=\"wp-image-4184 size-full\" srcset=\"https:\/\/schabziger.ch\/wp-content\/uploads\/2025\/10\/Zigerbutter_RGB-1024x1024.png 1024w, https:\/\/schabziger.ch\/wp-content\/uploads\/2025\/10\/Zigerbutter_RGB-300x300.png 300w, https:\/\/schabziger.ch\/wp-content\/uploads\/2025\/10\/Zigerbutter_RGB-150x150.png 150w, https:\/\/schabziger.ch\/wp-content\/uploads\/2025\/10\/Zigerbutter_RGB-768x768.png 768w, https:\/\/schabziger.ch\/wp-content\/uploads\/2025\/10\/Zigerbutter_RGB-1536x1536.png 1536w, https:\/\/schabziger.ch\/wp-content\/uploads\/2025\/10\/Zigerbutter_RGB-2048x2048.png 2048w\" sizes=\"auto, (max-width: 1024px) 100vw, 1024px\" \/><\/figure><\/div>\n\n\n<\/div><\/section>\n<section class=\"white\">\n\t<div class=\"content max\">\n\t\t\t\n\n\n\n\n<div class=\"wp-block-media-text alignwide is-stacked-on-mobile\"><figure class=\"wp-block-media-text__media\"><img loading=\"lazy\" decoding=\"async\" width=\"1024\" height=\"1024\" src=\"https:\/\/schabziger.ch\/wp-content\/uploads\/2025\/10\/Glarissa_RGB-1024x1024.png\" alt=\"\" class=\"wp-image-4187 size-full\" srcset=\"https:\/\/schabziger.ch\/wp-content\/uploads\/2025\/10\/Glarissa_RGB-1024x1024.png 1024w, https:\/\/schabziger.ch\/wp-content\/uploads\/2025\/10\/Glarissa_RGB-300x300.png 300w, https:\/\/schabziger.ch\/wp-content\/uploads\/2025\/10\/Glarissa_RGB-150x150.png 150w, https:\/\/schabziger.ch\/wp-content\/uploads\/2025\/10\/Glarissa_RGB-768x768.png 768w, https:\/\/schabziger.ch\/wp-content\/uploads\/2025\/10\/Glarissa_RGB.png 1500w\" sizes=\"auto, (max-width: 1024px) 100vw, 1024px\" \/><\/figure><div class=\"wp-block-media-text__content\">\n<h2 class=\"wp-block-heading\">Glarissa processed cheese<\/h2>\n\n\n\n<p><\/p>\n\n\n\n<p>The processed cheese in the familiar triangular shape. Mild, with Schabziger, immediately spreadable, can be kept unrefrigerated.<\/p>\n\n\n\n<h4 class=\"wp-block-heading\"><a href=\"https:\/\/shop.schabziger.ch\/\">Zum Shop &gt;<\/a><\/h4>\n<\/div><\/div>\n\n\n<\/div><\/section>\n<section class=\"gray\">\n\t<div class=\"content max\">\n\t\t\t\n\n\n\n\n<div class=\"wp-block-media-text alignwide has-media-on-the-right is-stacked-on-mobile\"><div class=\"wp-block-media-text__content\">\n<h2 class=\"wp-block-heading\">Sap Sago &#8211; Ziger powder<\/h2>\n\n\n\n<p><\/p>\n\n\n\n<p>100% natural herb cheese powder from Glarus Schabziger. For seasoning pasta, rice, potatoes, fondue, raclette, spaetzli, vegetables, sauces, etc.<\/p>\n\n\n\n<h4 class=\"wp-block-heading\"><a href=\"https:\/\/shop.schabziger.ch\/\">Zum Shop &gt;<\/a><\/h4>\n<\/div><figure class=\"wp-block-media-text__media\"><img decoding=\"async\" src=\"https:\/\/schabziger.ch\/wp-content\/uploads\/2025\/10\/Wuerz-Mi_RGB.png\" alt=\"\" class=\"wp-image-4193 size-full\"\/><\/figure><\/div>\n\n\n<\/div><\/section>\n<section class=\"white\">\n\t<div class=\"content max\">\n\t\t\t\n\n\n\n\n<div class=\"wp-block-media-text alignwide is-stacked-on-mobile\"><figure class=\"wp-block-media-text__media\"><img loading=\"lazy\" decoding=\"async\" width=\"1024\" height=\"1024\" src=\"https:\/\/schabziger.ch\/wp-content\/uploads\/2025\/10\/Gewuerz_Reibkaese_RGB-1024x1024.png\" alt=\"\" class=\"wp-image-4282 size-full\" srcset=\"https:\/\/schabziger.ch\/wp-content\/uploads\/2025\/10\/Gewuerz_Reibkaese_RGB-1024x1024.png 1024w, https:\/\/schabziger.ch\/wp-content\/uploads\/2025\/10\/Gewuerz_Reibkaese_RGB-300x300.png 300w, https:\/\/schabziger.ch\/wp-content\/uploads\/2025\/10\/Gewuerz_Reibkaese_RGB-150x150.png 150w, https:\/\/schabziger.ch\/wp-content\/uploads\/2025\/10\/Gewuerz_Reibkaese_RGB-768x768.png 768w, https:\/\/schabziger.ch\/wp-content\/uploads\/2025\/10\/Gewuerz_Reibkaese_RGB-1536x1536.png 1536w, https:\/\/schabziger.ch\/wp-content\/uploads\/2025\/10\/Gewuerz_Reibkaese_RGB-2048x2048.png 2048w\" sizes=\"auto, (max-width: 1024px) 100vw, 1024px\" \/><\/figure><div class=\"wp-block-media-text__content\">\n<h2 class=\"wp-block-heading\">Spiced grated cheese in a zip bag<\/h2>\n\n\n\n<p><\/p>\n\n\n\n<p>The legendary Schabziger St\u00f6ckli cheese, now grated and available in a convenient resealable bag. For seasoning pasta, rice, potatoes, fondue, raclette, spaetzle, vegetables, sauces, etc.<\/p>\n\n\n\n<h4 class=\"wp-block-heading\"><a href=\"https:\/\/shop.schabziger.ch\/\">Zum Shop &gt;<\/a><\/h4>\n<\/div><\/div>\n\n\n<\/div><\/section>\n<section class=\"gray\">\n\t<div class=\"content max\">\n\t\t\t\n\n\n\n\n<div class=\"wp-block-media-text alignwide has-media-on-the-right is-stacked-on-mobile\"><div class=\"wp-block-media-text__content\">\n<h2 class=\"wp-block-heading\">Tr\u00fcffel St\u00f6ckli<\/h2>\n\n\n\n<p><\/p>\n\n\n\n<p>Truffle St\u00f6ckli is a very refined flavored cheese from our company. It is produced using a special process from pasteurized skimmed mountain cow&#8217;s milk. Its full and intense flavor is unique and gives every dish a very special touch.<\/p>\n\n\n\n<h4 class=\"wp-block-heading\"><a href=\"https:\/\/shop.schabziger.ch\/\">Zum Shop &gt;<\/a><\/h4>\n<\/div><figure class=\"wp-block-media-text__media\"><img loading=\"lazy\" decoding=\"async\" width=\"1024\" height=\"1024\" src=\"https:\/\/schabziger.ch\/wp-content\/uploads\/2025\/10\/Stoeckli_Trueffel_RGB_2-1-1024x1024.png\" alt=\"\" class=\"wp-image-4212 size-full\" srcset=\"https:\/\/schabziger.ch\/wp-content\/uploads\/2025\/10\/Stoeckli_Trueffel_RGB_2-1-1024x1024.png 1024w, https:\/\/schabziger.ch\/wp-content\/uploads\/2025\/10\/Stoeckli_Trueffel_RGB_2-1-300x300.png 300w, https:\/\/schabziger.ch\/wp-content\/uploads\/2025\/10\/Stoeckli_Trueffel_RGB_2-1-150x150.png 150w, https:\/\/schabziger.ch\/wp-content\/uploads\/2025\/10\/Stoeckli_Trueffel_RGB_2-1-768x768.png 768w, https:\/\/schabziger.ch\/wp-content\/uploads\/2025\/10\/Stoeckli_Trueffel_RGB_2-1.png 1500w\" sizes=\"auto, (max-width: 1024px) 100vw, 1024px\" \/><\/figure><\/div>\n\n\n\n<div class=\"wp-block-columns is-layout-flex wp-container-core-columns-is-layout-9d6595d7 wp-block-columns-is-layout-flex\">\n<div class=\"wp-block-column is-layout-flow wp-block-column-is-layout-flow\"><\/div>\n<\/div>\n\n\n<\/div><\/section>\n<section class=\"white\">\n\t<div class=\"content max\">\n\t\t\t\n\n\n\n\n<div class=\"wp-block-media-text alignwide is-stacked-on-mobile\"><figure class=\"wp-block-media-text__media\"><img loading=\"lazy\" decoding=\"async\" width=\"1024\" height=\"1024\" src=\"https:\/\/schabziger.ch\/wp-content\/uploads\/2025\/10\/Stoeckli_Chili_RGB_2-1-1024x1024.png\" alt=\"\" class=\"wp-image-4209 size-full\" srcset=\"https:\/\/schabziger.ch\/wp-content\/uploads\/2025\/10\/Stoeckli_Chili_RGB_2-1-1024x1024.png 1024w, https:\/\/schabziger.ch\/wp-content\/uploads\/2025\/10\/Stoeckli_Chili_RGB_2-1-300x300.png 300w, https:\/\/schabziger.ch\/wp-content\/uploads\/2025\/10\/Stoeckli_Chili_RGB_2-1-150x150.png 150w, https:\/\/schabziger.ch\/wp-content\/uploads\/2025\/10\/Stoeckli_Chili_RGB_2-1-768x768.png 768w, https:\/\/schabziger.ch\/wp-content\/uploads\/2025\/10\/Stoeckli_Chili_RGB_2-1.png 1500w\" sizes=\"auto, (max-width: 1024px) 100vw, 1024px\" \/><\/figure><div class=\"wp-block-media-text__content\">\n<h2 class=\"wp-block-heading\">Chili St\u00f6ckli<\/h2>\n\n\n\n<p><\/p>\n\n\n\n<p>With a new recipe. Suitable not only in traditional cuisine, but also in modern cuisine. It adds a special sophistication to both familiar and newly created dishes. Whether grated, sliced, used as a seasoning, or in a dip, this extremely low-fat and very digestible natural product always puts a smile on people&#8217;s faces.<\/p>\n\n\n\n<h4 class=\"wp-block-heading\"><a href=\"https:\/\/shop.schabziger.ch\/\">Zum Shop &gt;<\/a><\/h4>\n<\/div><\/div>\n\n\n\n<div class=\"wp-block-columns is-layout-flex wp-container-core-columns-is-layout-9d6595d7 wp-block-columns-is-layout-flex\">\n<div class=\"wp-block-column is-layout-flow wp-block-column-is-layout-flow\"><\/div>\n<\/div>\n\n\n<\/div><\/section>\n<section class=\"gray\">\n\t<div class=\"content max\">\n\t\t\t\n\n\n\n\n<div class=\"wp-block-media-text alignwide has-media-on-the-right is-stacked-on-mobile\"><div class=\"wp-block-media-text__content\">\n<h2 class=\"wp-block-heading\">The spicy pair<\/h2>\n\n\n\n<p><\/p>\n\n\n\n<p>Skim cheese with cumin as well as skim cheese with truffle, semi-hard made from pasteurized mountain skim milk from cows for seasoning and seasoning pasta, gratins, risotto, polenta, fondue, raclette, meat, fish, etc.<\/p>\n\n\n\n<h4 class=\"wp-block-heading\"><a href=\"\/en\/?page_id=2441\">Weiterlesen&#8230;<\/a><\/h4>\n\n\n\n<div style=\"height:30px\" aria-hidden=\"true\" class=\"wp-block-spacer\"><\/div>\n\n\n\n<div class=\"wp-block-buttons is-layout-flex wp-block-buttons-is-layout-flex\"><\/div>\n\n\n\n<h4 class=\"wp-block-heading\"><a href=\"https:\/\/shop.schabziger.ch\/\">Zum Shop &gt;<\/a><\/h4>\n<\/div><figure class=\"wp-block-media-text__media\"><a href=\"schabziger.ch\/angebot-duo\/\" rel=\"https:\/\/schabziger.ch\/angebot-duo\/\"><img loading=\"lazy\" decoding=\"async\" width=\"800\" height=\"525\" src=\"https:\/\/schabziger.ch\/wp-content\/uploads\/2025\/10\/Mockup_Schabziger_Trueffel.png\" alt=\"\" class=\"wp-image-4205 size-full\" srcset=\"https:\/\/schabziger.ch\/wp-content\/uploads\/2025\/10\/Mockup_Schabziger_Trueffel.png 800w, https:\/\/schabziger.ch\/wp-content\/uploads\/2025\/10\/Mockup_Schabziger_Trueffel-300x197.png 300w, https:\/\/schabziger.ch\/wp-content\/uploads\/2025\/10\/Mockup_Schabziger_Trueffel-768x504.png 768w\" sizes=\"auto, (max-width: 800px) 100vw, 800px\" \/><\/a><\/figure><\/div>\n","protected":false},"excerpt":{"rendered":"<p>Original products Schabziger St\u00f6ckli &#8211;the original The legendary Schabziger St\u00f6ckli is unique worldwide, spicy and tasty &#8211; simply uurw\u00fcrzig guet. Zum Shop &gt; Glarner Gr\u00fcessli with fresh herbs The Glarner Gr\u00fcessli unfolds its pleasurable charm when spread, dipped or as an appetizer. The Glarner Gr\u00fcessli is natural and rich in protein and calcium. Zibu Ziger [&hellip;]<\/p>\n","protected":false},"author":2,"featured_media":1345,"parent":0,"menu_order":2,"comment_status":"closed","ping_status":"closed","template":"","meta":{"_acf_changed":false,"inline_featured_image":false,"footnotes":""},"class_list":["post-1524","page","type-page","status-publish","has-post-thumbnail","hentry"],"acf":[],"yoast_head":"<!-- This site is optimized with the Yoast SEO plugin v27.4 - https:\/\/yoast.com\/product\/yoast-seo-wordpress\/ -->\n<title>Products - Schabziger<\/title>\n<meta name=\"robots\" content=\"index, follow, max-snippet:-1, max-image-preview:large, max-video-preview:-1\" \/>\n<link rel=\"canonical\" href=\"https:\/\/schabziger.ch\/en\/products\/\" \/>\n<meta property=\"og:locale\" content=\"en_US\" \/>\n<meta property=\"og:type\" content=\"article\" \/>\n<meta property=\"og:title\" content=\"Products - Schabziger\" \/>\n<meta property=\"og:description\" content=\"Original products Schabziger St\u00f6ckli &#8211;the original The legendary Schabziger St\u00f6ckli is unique worldwide, spicy and tasty &#8211; simply uurw\u00fcrzig guet. Zum Shop &gt; Glarner Gr\u00fcessli with fresh herbs The Glarner Gr\u00fcessli unfolds its pleasurable charm when spread, dipped or as an appetizer. The Glarner Gr\u00fcessli is natural and rich in protein and calcium. Zibu Ziger [&hellip;]\" \/>\n<meta property=\"og:url\" content=\"https:\/\/schabziger.ch\/en\/products\/\" \/>\n<meta property=\"og:site_name\" content=\"Schabziger\" \/>\n<meta property=\"article:modified_time\" content=\"2025-10-27T13:45:39+00:00\" \/>\n<meta property=\"og:image\" content=\"https:\/\/schabziger.ch\/wp-content\/uploads\/2022\/06\/gsz_00_header_produkte_1-scaled.jpg\" \/>\n\t<meta property=\"og:image:width\" content=\"2560\" \/>\n\t<meta property=\"og:image:height\" content=\"853\" \/>\n\t<meta property=\"og:image:type\" content=\"image\/jpeg\" \/>\n<meta name=\"twitter:card\" content=\"summary_large_image\" \/>\n<meta name=\"twitter:label1\" content=\"Est. reading time\" \/>\n\t<meta name=\"twitter:data1\" content=\"4 minutes\" \/>\n<script type=\"application\/ld+json\" class=\"yoast-schema-graph\">{\"@context\":\"https:\\\/\\\/schema.org\",\"@graph\":[{\"@type\":\"WebPage\",\"@id\":\"https:\\\/\\\/schabziger.ch\\\/en\\\/products\\\/\",\"url\":\"https:\\\/\\\/schabziger.ch\\\/en\\\/products\\\/\",\"name\":\"Products - Schabziger\",\"isPartOf\":{\"@id\":\"https:\\\/\\\/schabziger.ch\\\/en\\\/#website\"},\"primaryImageOfPage\":{\"@id\":\"https:\\\/\\\/schabziger.ch\\\/en\\\/products\\\/#primaryimage\"},\"image\":{\"@id\":\"https:\\\/\\\/schabziger.ch\\\/en\\\/products\\\/#primaryimage\"},\"thumbnailUrl\":\"https:\\\/\\\/schabziger.ch\\\/wp-content\\\/uploads\\\/2022\\\/06\\\/gsz_00_header_produkte_1-scaled.jpg\",\"datePublished\":\"2022-05-25T11:13:04+00:00\",\"dateModified\":\"2025-10-27T13:45:39+00:00\",\"breadcrumb\":{\"@id\":\"https:\\\/\\\/schabziger.ch\\\/en\\\/products\\\/#breadcrumb\"},\"inLanguage\":\"en-US\",\"potentialAction\":[{\"@type\":\"ReadAction\",\"target\":[\"https:\\\/\\\/schabziger.ch\\\/en\\\/products\\\/\"]}]},{\"@type\":\"ImageObject\",\"inLanguage\":\"en-US\",\"@id\":\"https:\\\/\\\/schabziger.ch\\\/en\\\/products\\\/#primaryimage\",\"url\":\"https:\\\/\\\/schabziger.ch\\\/wp-content\\\/uploads\\\/2022\\\/06\\\/gsz_00_header_produkte_1-scaled.jpg\",\"contentUrl\":\"https:\\\/\\\/schabziger.ch\\\/wp-content\\\/uploads\\\/2022\\\/06\\\/gsz_00_header_produkte_1-scaled.jpg\",\"width\":2560,\"height\":853},{\"@type\":\"BreadcrumbList\",\"@id\":\"https:\\\/\\\/schabziger.ch\\\/en\\\/products\\\/#breadcrumb\",\"itemListElement\":[{\"@type\":\"ListItem\",\"position\":1,\"name\":\"Startseite\",\"item\":\"https:\\\/\\\/schabziger.ch\\\/en\\\/\"},{\"@type\":\"ListItem\",\"position\":2,\"name\":\"Products\"}]},{\"@type\":\"WebSite\",\"@id\":\"https:\\\/\\\/schabziger.ch\\\/en\\\/#website\",\"url\":\"https:\\\/\\\/schabziger.ch\\\/en\\\/\",\"name\":\"Schabziger\",\"description\":\"Uurw\u00fcrzig guet\",\"potentialAction\":[{\"@type\":\"SearchAction\",\"target\":{\"@type\":\"EntryPoint\",\"urlTemplate\":\"https:\\\/\\\/schabziger.ch\\\/en\\\/?s={search_term_string}\"},\"query-input\":{\"@type\":\"PropertyValueSpecification\",\"valueRequired\":true,\"valueName\":\"search_term_string\"}}],\"inLanguage\":\"en-US\"}]}<\/script>\n<!-- \/ Yoast SEO plugin. -->","yoast_head_json":{"title":"Products - Schabziger","robots":{"index":"index","follow":"follow","max-snippet":"max-snippet:-1","max-image-preview":"max-image-preview:large","max-video-preview":"max-video-preview:-1"},"canonical":"https:\/\/schabziger.ch\/en\/products\/","og_locale":"en_US","og_type":"article","og_title":"Products - Schabziger","og_description":"Original products Schabziger St\u00f6ckli &#8211;the original The legendary Schabziger St\u00f6ckli is unique worldwide, spicy and tasty &#8211; simply uurw\u00fcrzig guet. Zum Shop &gt; Glarner Gr\u00fcessli with fresh herbs The Glarner Gr\u00fcessli unfolds its pleasurable charm when spread, dipped or as an appetizer. The Glarner Gr\u00fcessli is natural and rich in protein and calcium. Zibu Ziger [&hellip;]","og_url":"https:\/\/schabziger.ch\/en\/products\/","og_site_name":"Schabziger","article_modified_time":"2025-10-27T13:45:39+00:00","og_image":[{"width":2560,"height":853,"url":"https:\/\/schabziger.ch\/wp-content\/uploads\/2022\/06\/gsz_00_header_produkte_1-scaled.jpg","type":"image\/jpeg"}],"twitter_card":"summary_large_image","twitter_misc":{"Est. reading time":"4 minutes"},"schema":{"@context":"https:\/\/schema.org","@graph":[{"@type":"WebPage","@id":"https:\/\/schabziger.ch\/en\/products\/","url":"https:\/\/schabziger.ch\/en\/products\/","name":"Products - Schabziger","isPartOf":{"@id":"https:\/\/schabziger.ch\/en\/#website"},"primaryImageOfPage":{"@id":"https:\/\/schabziger.ch\/en\/products\/#primaryimage"},"image":{"@id":"https:\/\/schabziger.ch\/en\/products\/#primaryimage"},"thumbnailUrl":"https:\/\/schabziger.ch\/wp-content\/uploads\/2022\/06\/gsz_00_header_produkte_1-scaled.jpg","datePublished":"2022-05-25T11:13:04+00:00","dateModified":"2025-10-27T13:45:39+00:00","breadcrumb":{"@id":"https:\/\/schabziger.ch\/en\/products\/#breadcrumb"},"inLanguage":"en-US","potentialAction":[{"@type":"ReadAction","target":["https:\/\/schabziger.ch\/en\/products\/"]}]},{"@type":"ImageObject","inLanguage":"en-US","@id":"https:\/\/schabziger.ch\/en\/products\/#primaryimage","url":"https:\/\/schabziger.ch\/wp-content\/uploads\/2022\/06\/gsz_00_header_produkte_1-scaled.jpg","contentUrl":"https:\/\/schabziger.ch\/wp-content\/uploads\/2022\/06\/gsz_00_header_produkte_1-scaled.jpg","width":2560,"height":853},{"@type":"BreadcrumbList","@id":"https:\/\/schabziger.ch\/en\/products\/#breadcrumb","itemListElement":[{"@type":"ListItem","position":1,"name":"Startseite","item":"https:\/\/schabziger.ch\/en\/"},{"@type":"ListItem","position":2,"name":"Products"}]},{"@type":"WebSite","@id":"https:\/\/schabziger.ch\/en\/#website","url":"https:\/\/schabziger.ch\/en\/","name":"Schabziger","description":"Uurw\u00fcrzig guet","potentialAction":[{"@type":"SearchAction","target":{"@type":"EntryPoint","urlTemplate":"https:\/\/schabziger.ch\/en\/?s={search_term_string}"},"query-input":{"@type":"PropertyValueSpecification","valueRequired":true,"valueName":"search_term_string"}}],"inLanguage":"en-US"}]}},"_links":{"self":[{"href":"https:\/\/schabziger.ch\/en\/wp-json\/wp\/v2\/pages\/1524","targetHints":{"allow":["GET"]}}],"collection":[{"href":"https:\/\/schabziger.ch\/en\/wp-json\/wp\/v2\/pages"}],"about":[{"href":"https:\/\/schabziger.ch\/en\/wp-json\/wp\/v2\/types\/page"}],"author":[{"embeddable":true,"href":"https:\/\/schabziger.ch\/en\/wp-json\/wp\/v2\/users\/2"}],"replies":[{"embeddable":true,"href":"https:\/\/schabziger.ch\/en\/wp-json\/wp\/v2\/comments?post=1524"}],"version-history":[{"count":18,"href":"https:\/\/schabziger.ch\/en\/wp-json\/wp\/v2\/pages\/1524\/revisions"}],"predecessor-version":[{"id":4290,"href":"https:\/\/schabziger.ch\/en\/wp-json\/wp\/v2\/pages\/1524\/revisions\/4290"}],"wp:featuredmedia":[{"embeddable":true,"href":"https:\/\/schabziger.ch\/en\/wp-json\/wp\/v2\/media\/1345"}],"wp:attachment":[{"href":"https:\/\/schabziger.ch\/en\/wp-json\/wp\/v2\/media?parent=1524"}],"curies":[{"name":"wp","href":"https:\/\/api.w.org\/{rel}","templated":true}]}}